{"id":1819,"date":"2022-04-14T09:45:41","date_gmt":"2022-04-14T06:45:41","guid":{"rendered":"https:\/\/mobilefutures.fi\/?page_id=1819"},"modified":"2026-02-18T08:49:51","modified_gmt":"2026-02-18T06:49:51","slug":"privacy-statement","status":"publish","type":"page","link":"https:\/\/mobilefutures.fi\/fi\/privacy-statement\/","title":{"rendered":"Tietosuojaseloste"},"content":{"rendered":"<p class=\"wp-block-paragraph\"><strong>T\u00e4m\u00e4 on monimuotoisuus, luottamus ja kaksisuuntainen kotoutuminen (Mobile Futures) -hankkeen tietosuojaseloste.<\/strong><\/p>\n\n\n\n<h6 class=\"wp-block-heading\">Data controller<\/h6>\n\n\n\n<p class=\"wp-block-paragraph\">\u00c5bo Akademi<br>Tuomiokirkontori 3<br>20500 Turku<br>Finland<br><br>\u00c5bo Akademi University is controller for the personal data collected and processed in the university\u2019s activities \u2013 in teaching, guidance, research, administration, and cooperation, internally and externally.<\/p>\n\n\n\n<p class=\"wp-block-paragraph\">Yhteystiedot:<br>Yasmin Samaletdin, yasmin.samaletdin@abo.fi +358505718219<\/p>\n\n\n\n<p class=\"wp-block-paragraph\">Data Protection Officer at \u00c5bo Akademi University: dataskydd@abo.fi, <br>+358 2 215 31 (switchboard)<\/p>\n\n\n\n<p class=\"wp-block-paragraph\"><\/p>\n\n\n\n<h6 class=\"wp-block-heading\">Henkil\u00f6tietojen k\u00e4sittelyn tarkoitus<\/h6>\n\n\n\n<p class=\"wp-block-paragraph\">Ker\u00e4\u00e4mme henkil\u00f6tietoja kommunikoidaksemme ja ollaksemme vuorovaikutuksessa eri sidosryhmien ja suuren yleis\u00f6n kanssa sek\u00e4 koordinoidaksemme Mobile Futures -hankkeeseen liittyvi\u00e4 tapahtumia. Teemme t\u00e4m\u00e4n uutiskirjeiden ja tiedotusviestien v\u00e4lityksell\u00e4. Sek\u00e4 verkkopohjaisten lomakkeiden, kuten e-lomake, avulla. Tietoja luovutetaan vain SRC:n rahoittamalle SRC:lle. <a href=\"https:\/\/www.aka.fi\/strateginen-tutkimus\/strateginen-tutkimus\/strateginen-tutkimus-pahkinankuoressa\/ohjelmat-ja-hankkeet\/demography\/\" target=\"_blank\" rel=\"noreferrer noopener\">DEMOGRAPHY-ohjelma<\/a> johon Mobile Futures kuuluu, vaikuttavaa sidosryhm\u00e4ty\u00f6t\u00e4 varten. <\/p>\n\n\n\n<h6 class=\"wp-block-heading\">k\u00e4sitelt\u00e4v\u00e4t henkil\u00f6tiedot<\/h6>\n\n\n\n<p class=\"wp-block-paragraph\">Ker\u00e4\u00e4mme ja k\u00e4sittelemme perustietoja, jotka ihmiset ilmoittavat itse verkkosivuillamme olevalla lomakkeella, postimiehen tai muun verkkopohjaisen lomakkeen kautta. Henkil\u00f6tietoja ovat: postiosoite, nimi, organisaatio ja muut tiedot, joita tarvitaan Mobile Futures -tapahtumien koordinointiin. <\/p>\n\n\n\n<h6 class=\"wp-block-heading\">Kenell\u00e4 on p\u00e4\u00e4sy tietoihin?<\/h6>\n\n\n\n<p class=\"wp-block-paragraph\">Ainoastaan Mobile Futures -hankkeen hallintohenkil\u00f6st\u00f6ll\u00e4 on p\u00e4\u00e4sy ker\u00e4ttyihin henkil\u00f6tietoihin. P\u00e4\u00e4sy suojattuihin tietokantoihin ja j\u00e4rjestelmiin on mahdollista vain erikseen my\u00f6nnettyjen henkil\u00f6kohtaisten k\u00e4ytt\u00e4j\u00e4tunnusten ja salasanojen avulla.<\/p>\n\n\n\n<h6 class=\"wp-block-heading\">Siirret\u00e4\u00e4nk\u00f6 tietoja EU:n\/ETA:n ulkopuolelle?<\/h6>\n\n\n\n<p class=\"wp-block-paragraph\">Ker\u00e4ttyj\u00e4 henkil\u00f6tietoja ei siirret\u00e4 EU:n\/ETA:n ulkopuolelle. <\/p>\n\n\n\n<h6 class=\"wp-block-heading\">Rekister\u00f6idyn oikeudet<\/h6>\n\n\n\n<ul class=\"wp-block-list\">\n<li>Oikeus saada tietoja<\/li>\n\n\n\n<li>oikeus saada virheelliset tiedot oikaistua (muista pit\u00e4\u00e4 omat yhteystietosi ajan tasalla).<\/li>\n\n\n\n<li>oikeus tietojen poistamiseen (\"oikeus tulla unohdetuksi\") tietyiss\u00e4 tilanteissa. <\/li>\n\n\n\n<li>Oikeus rajoittaa k\u00e4sittely\u00e4 tietyiss\u00e4 tilanteissa<\/li>\n\n\n\n<li>oikeus saada rekisterist\u00e4 vastaava yksikk\u00f6 ilmoittamaan henkil\u00f6lle, jolle tiedot on luovutettu, henkil\u00f6tietojesi oikaisemisesta tai poistamisesta tai k\u00e4sittelyn rajoittamisesta.<\/li>\n\n\n\n<li>oikeus vastustaa k\u00e4sittely\u00e4 tietyiss\u00e4 tilanteissa, kuten suoramarkkinoinnin yhteydess\u00e4.<\/li>\n\n\n\n<li>oikeus saada tiedot siirretty\u00e4 j\u00e4rjestelm\u00e4st\u00e4 toiseen tietyiss\u00e4 tilanteissa.<\/li>\n\n\n\n<li>oikeus olla joutumatta sellaisen p\u00e4\u00e4t\u00f6ksen kohteeksi, joka perustuu yksinomaan automaattiseen k\u00e4sittelyyn, kuten profilointiin, jolla on sinuun kohdistuvia oikeusvaikutuksia tai jolla on sinuun kohdistuvia yht\u00e4 merkitt\u00e4vi\u00e4 vaikutuksia.<\/li>\n\n\n\n<li>Oikeus saada tieto korkean riskin tietoturvaloukkauksesta.<\/li>\n\n\n\n<li>Oikeus tehd\u00e4 valitus valvontaviranomaiselle.<\/li>\n<\/ul>\n\n\n\n<p class=\"wp-block-paragraph\">Jos sinulla on kysytt\u00e4v\u00e4\u00e4 oikeuksistasi, <a href=\"https:\/\/www.abo.fi\/fi\/tietosuoja\/\">voit ottaa yhteytt\u00e4 yliopiston tietosuojavastaavaan.<\/a> tai rekisterin yhteyshenkil\u00f6.<\/p>\n\n\n\n<p class=\"wp-block-paragraph\">Sinulla on my\u00f6s oikeus tehd\u00e4 valitus tietosuojaviranomaiselle, jos uskot, ett\u00e4 henkil\u00f6tietojasi on k\u00e4sitelty lainvastaisesti EU:n tietosuoja-asetuksen (GDPR) mukaisesti.<\/p>\n\n\n\n<h6 class=\"wp-block-heading\">COOKIES<\/h6>\n\n\n\n<p class=\"wp-block-paragraph\">Mobile Futures -sivusto k\u00e4ytt\u00e4\u00e4 ev\u00e4steit\u00e4. Sivusto on rakennettu WordPressill\u00e4 ja sen lis\u00e4osilla, jotka k\u00e4ytt\u00e4v\u00e4t ev\u00e4steit\u00e4 sivun yll\u00e4pitoon ja toimintaan. Ev\u00e4steet ovat pieni\u00e4 tekstitiedostoja, jotka verkkosivusto tallentaa laitteellesi. Kun vierailet verkkosivustollamme, pyyd\u00e4mme sinua hyv\u00e4ksym\u00e4\u00e4n tai hylk\u00e4\u00e4m\u00e4\u00e4n ev\u00e4steet. Jotkin ev\u00e4steet ovat v\u00e4ltt\u00e4m\u00e4tt\u00f6mi\u00e4 verkkosivuston k\u00e4ytt\u00e4miseksi. <\/p>\n\n\n\n<h6 class=\"wp-block-heading\"><br><\/h6>","protected":false},"excerpt":{"rendered":"<p>This is the privacy statement for the Diversity, Trust, and Two-Way integration (Mobile Futures) project. Data controller \u00c5bo Akademi UniversityTuomiokirkontori 320500 TurkuFinland \u00c5bo Akademi University is controller for the personal data collected and processed in the university\u2019s activities \u2013 in teaching, guidance, research, administration, and cooperation, internally and externally. Contact information:Yasmin Samaletdin, yasmin.samaletdin@abo.fi +358505718219 Data [&hellip;]<\/p>\n","protected":false},"author":215458246,"featured_media":0,"parent":0,"menu_order":0,"comment_status":"closed","ping_status":"closed","template":"page-no-separators","meta":{"_crdt_document":"","inline_featured_image":false,"footnotes":""},"page_category":[],"class_list":["post-1819","page","type-page","status-publish","hentry"],"yoast_head":"<!-- This site is optimized with the Yoast SEO plugin v27.5 - https:\/\/yoast.com\/product\/yoast-seo-wordpress\/ -->\n<title>Mobile Futures &#8211; Privacy statement<\/title>\n<meta name=\"robots\" content=\"index, follow, max-snippet:-1, max-image-preview:large, max-video-preview:-1\" \/>\n<link rel=\"canonical\" href=\"https:\/\/mobilefutures.fi\/fi\/privacy-statement\/\" \/>\n<meta property=\"og:locale\" content=\"fi_FI\" \/>\n<meta property=\"og:type\" content=\"article\" \/>\n<meta property=\"og:title\" content=\"Mobile Futures &#8211; Privacy statement\" \/>\n<meta property=\"og:description\" content=\"This is the privacy statement for the Diversity, Trust, and Two-Way integration (Mobile Futures) project. Data controller \u00c5bo Akademi UniversityTuomiokirkontori 320500 TurkuFinland \u00c5bo Akademi University is controller for the personal data collected and processed in the university\u2019s activities \u2013 in teaching, guidance, research, administration, and cooperation, internally and externally. Contact information:Yasmin Samaletdin, yasmin.samaletdin@abo.fi +358505718219 Data [&hellip;]\" \/>\n<meta property=\"og:url\" content=\"https:\/\/mobilefutures.fi\/fi\/privacy-statement\/\" \/>\n<meta property=\"og:site_name\" content=\"Mobile Futures\" \/>\n<meta property=\"article:publisher\" content=\"https:\/\/www.facebook.com\/MobileFuturesFI\" \/>\n<meta property=\"article:modified_time\" content=\"2026-02-18T06:49:51+00:00\" \/>\n<meta property=\"og:image\" content=\"https:\/\/i0.wp.com\/mobilefutures.fi\/wp-content\/uploads\/2022\/03\/WP2.png?fit=1921%2C800&ssl=1\" \/>\n\t<meta property=\"og:image:width\" content=\"1921\" \/>\n\t<meta property=\"og:image:height\" content=\"800\" \/>\n\t<meta property=\"og:image:type\" content=\"image\/png\" \/>\n<meta name=\"twitter:card\" content=\"summary_large_image\" \/>\n<meta name=\"twitter:site\" content=\"@MobileFuturesFI\" \/>\n<meta name=\"twitter:label1\" content=\"Arvioitu lukuaika\" \/>\n\t<meta name=\"twitter:data1\" content=\"2 minuuttia\" \/>\n<script type=\"application\/ld+json\" class=\"yoast-schema-graph\">{\"@context\":\"https:\\\/\\\/schema.org\",\"@graph\":[{\"@type\":\"WebPage\",\"@id\":\"https:\\\/\\\/mobilefutures.fi\\\/privacy-statement\\\/\",\"url\":\"https:\\\/\\\/mobilefutures.fi\\\/privacy-statement\\\/\",\"name\":\"Mobile Futures &#8211; Privacy statement\",\"isPartOf\":{\"@id\":\"https:\\\/\\\/mobilefutures.fi\\\/#website\"},\"datePublished\":\"2022-04-14T06:45:41+00:00\",\"dateModified\":\"2026-02-18T06:49:51+00:00\",\"breadcrumb\":{\"@id\":\"https:\\\/\\\/mobilefutures.fi\\\/privacy-statement\\\/#breadcrumb\"},\"inLanguage\":\"fi\",\"potentialAction\":[{\"@type\":\"ReadAction\",\"target\":[\"https:\\\/\\\/mobilefutures.fi\\\/privacy-statement\\\/\"]}]},{\"@type\":\"BreadcrumbList\",\"@id\":\"https:\\\/\\\/mobilefutures.fi\\\/privacy-statement\\\/#breadcrumb\",\"itemListElement\":[{\"@type\":\"ListItem\",\"position\":1,\"name\":\"Home\",\"item\":\"https:\\\/\\\/mobilefutures.fi\\\/\"},{\"@type\":\"ListItem\",\"position\":2,\"name\":\"Privacy statement\"}]},{\"@type\":\"WebSite\",\"@id\":\"https:\\\/\\\/mobilefutures.fi\\\/#website\",\"url\":\"https:\\\/\\\/mobilefutures.fi\\\/\",\"name\":\"Mobile Futures\",\"description\":\"Diversity, Trust and Two-Way Integration\",\"publisher\":{\"@id\":\"https:\\\/\\\/mobilefutures.fi\\\/#organization\"},\"potentialAction\":[{\"@type\":\"SearchAction\",\"target\":{\"@type\":\"EntryPoint\",\"urlTemplate\":\"https:\\\/\\\/mobilefutures.fi\\\/?s={search_term_string}\"},\"query-input\":{\"@type\":\"PropertyValueSpecification\",\"valueRequired\":true,\"valueName\":\"search_term_string\"}}],\"inLanguage\":\"fi\"},{\"@type\":\"Organization\",\"@id\":\"https:\\\/\\\/mobilefutures.fi\\\/#organization\",\"name\":\"Mobile Futures\",\"url\":\"https:\\\/\\\/mobilefutures.fi\\\/\",\"logo\":{\"@type\":\"ImageObject\",\"inLanguage\":\"fi\",\"@id\":\"https:\\\/\\\/mobilefutures.fi\\\/#\\\/schema\\\/logo\\\/image\\\/\",\"url\":\"https:\\\/\\\/i0.wp.com\\\/mobilefutures.fi\\\/wp-content\\\/uploads\\\/2022\\\/02\\\/Logo-black-1.png?fit=4383%2C2000&ssl=1\",\"contentUrl\":\"https:\\\/\\\/i0.wp.com\\\/mobilefutures.fi\\\/wp-content\\\/uploads\\\/2022\\\/02\\\/Logo-black-1.png?fit=4383%2C2000&ssl=1\",\"width\":4383,\"height\":2000,\"caption\":\"Mobile Futures\"},\"image\":{\"@id\":\"https:\\\/\\\/mobilefutures.fi\\\/#\\\/schema\\\/logo\\\/image\\\/\"},\"sameAs\":[\"https:\\\/\\\/www.facebook.com\\\/MobileFuturesFI\",\"https:\\\/\\\/x.com\\\/MobileFuturesFI\"]}]}<\/script>\n<!-- \/ Yoast SEO plugin. -->","yoast_head_json":{"title":"Mobile Futures &#8211; Privacy statement","robots":{"index":"index","follow":"follow","max-snippet":"max-snippet:-1","max-image-preview":"max-image-preview:large","max-video-preview":"max-video-preview:-1"},"canonical":"https:\/\/mobilefutures.fi\/fi\/privacy-statement\/","og_locale":"fi_FI","og_type":"article","og_title":"Mobile Futures &#8211; Privacy statement","og_description":"This is the privacy statement for the Diversity, Trust, and Two-Way integration (Mobile Futures) project. Data controller \u00c5bo Akademi UniversityTuomiokirkontori 320500 TurkuFinland \u00c5bo Akademi University is controller for the personal data collected and processed in the university\u2019s activities \u2013 in teaching, guidance, research, administration, and cooperation, internally and externally. Contact information:Yasmin Samaletdin, yasmin.samaletdin@abo.fi +358505718219 Data [&hellip;]","og_url":"https:\/\/mobilefutures.fi\/fi\/privacy-statement\/","og_site_name":"Mobile Futures","article_publisher":"https:\/\/www.facebook.com\/MobileFuturesFI","article_modified_time":"2026-02-18T06:49:51+00:00","og_image":[{"width":1921,"height":800,"url":"https:\/\/i0.wp.com\/mobilefutures.fi\/wp-content\/uploads\/2022\/03\/WP2.png?fit=1921%2C800&ssl=1","type":"image\/png"}],"twitter_card":"summary_large_image","twitter_site":"@MobileFuturesFI","twitter_misc":{"Arvioitu lukuaika":"2 minuuttia"},"schema":{"@context":"https:\/\/schema.org","@graph":[{"@type":"WebPage","@id":"https:\/\/mobilefutures.fi\/privacy-statement\/","url":"https:\/\/mobilefutures.fi\/privacy-statement\/","name":"Mobile Futures &#8211; Privacy statement","isPartOf":{"@id":"https:\/\/mobilefutures.fi\/#website"},"datePublished":"2022-04-14T06:45:41+00:00","dateModified":"2026-02-18T06:49:51+00:00","breadcrumb":{"@id":"https:\/\/mobilefutures.fi\/privacy-statement\/#breadcrumb"},"inLanguage":"fi","potentialAction":[{"@type":"ReadAction","target":["https:\/\/mobilefutures.fi\/privacy-statement\/"]}]},{"@type":"BreadcrumbList","@id":"https:\/\/mobilefutures.fi\/privacy-statement\/#breadcrumb","itemListElement":[{"@type":"ListItem","position":1,"name":"Home","item":"https:\/\/mobilefutures.fi\/"},{"@type":"ListItem","position":2,"name":"Privacy statement"}]},{"@type":"WebSite","@id":"https:\/\/mobilefutures.fi\/#website","url":"https:\/\/mobilefutures.fi\/","name":"Mobile Futures","description":"Monimuotoisuus, luottamus ja kaksisuuntainen integraatio","publisher":{"@id":"https:\/\/mobilefutures.fi\/#organization"},"potentialAction":[{"@type":"SearchAction","target":{"@type":"EntryPoint","urlTemplate":"https:\/\/mobilefutures.fi\/?s={search_term_string}"},"query-input":{"@type":"PropertyValueSpecification","valueRequired":true,"valueName":"search_term_string"}}],"inLanguage":"fi"},{"@type":"Organization","@id":"https:\/\/mobilefutures.fi\/#organization","name":"Mobile Futures","url":"https:\/\/mobilefutures.fi\/","logo":{"@type":"ImageObject","inLanguage":"fi","@id":"https:\/\/mobilefutures.fi\/#\/schema\/logo\/image\/","url":"https:\/\/i0.wp.com\/mobilefutures.fi\/wp-content\/uploads\/2022\/02\/Logo-black-1.png?fit=4383%2C2000&ssl=1","contentUrl":"https:\/\/i0.wp.com\/mobilefutures.fi\/wp-content\/uploads\/2022\/02\/Logo-black-1.png?fit=4383%2C2000&ssl=1","width":4383,"height":2000,"caption":"Mobile Futures"},"image":{"@id":"https:\/\/mobilefutures.fi\/#\/schema\/logo\/image\/"},"sameAs":["https:\/\/www.facebook.com\/MobileFuturesFI","https:\/\/x.com\/MobileFuturesFI"]}]}},"jetpack_likes_enabled":false,"jetpack_sharing_enabled":true,"jetpack_shortlink":"https:\/\/wp.me\/PdClTx-tl","_links":{"self":[{"href":"https:\/\/mobilefutures.fi\/fi\/wp-json\/wp\/v2\/pages\/1819","targetHints":{"allow":["GET"]}}],"collection":[{"href":"https:\/\/mobilefutures.fi\/fi\/wp-json\/wp\/v2\/pages"}],"about":[{"href":"https:\/\/mobilefutures.fi\/fi\/wp-json\/wp\/v2\/types\/page"}],"author":[{"embeddable":true,"href":"https:\/\/mobilefutures.fi\/fi\/wp-json\/wp\/v2\/users\/215458246"}],"replies":[{"embeddable":true,"href":"https:\/\/mobilefutures.fi\/fi\/wp-json\/wp\/v2\/comments?post=1819"}],"version-history":[{"count":15,"href":"https:\/\/mobilefutures.fi\/fi\/wp-json\/wp\/v2\/pages\/1819\/revisions"}],"predecessor-version":[{"id":5924,"href":"https:\/\/mobilefutures.fi\/fi\/wp-json\/wp\/v2\/pages\/1819\/revisions\/5924"}],"wp:attachment":[{"href":"https:\/\/mobilefutures.fi\/fi\/wp-json\/wp\/v2\/media?parent=1819"}],"wp:term":[{"taxonomy":"page_category","embeddable":true,"href":"https:\/\/mobilefutures.fi\/fi\/wp-json\/wp\/v2\/page_category?post=1819"}],"curies":[{"name":"wp","href":"https:\/\/api.w.org\/{rel}","templated":true}]}}