{"id":687,"date":"2022-01-24T08:17:51","date_gmt":"2022-01-24T06:17:51","guid":{"rendered":"https:\/\/mobilefutures.fi\/?page_id=687"},"modified":"2025-09-03T13:52:48","modified_gmt":"2025-09-03T10:52:48","slug":"collaboration-and-impact","status":"publish","type":"page","link":"https:\/\/mobilefutures.fi\/fi\/collaboration-and-impact\/","title":{"rendered":"Yhteisty\u00f6 ja vaikuttavuus"},"content":{"rendered":"<p class=\"tw-text-wide wp-block-paragraph\">Mobile Futures -tutkimushankkeessa kehitet\u00e4\u00e4n monitieteist\u00e4 ja monialaista yhteisty\u00f6t\u00e4 yhteiskehitt\u00e4misen eri muotojen avulla. Tavoitteena on ty\u00f6skennell\u00e4 keskeisten sidosryhmien ja luoda k\u00e4yt\u00e4nn\u00f6n keinoja, joilla tutkimustulokset voi toimia kotoutumiseen liittyv\u00e4n politiikan, p\u00e4\u00e4t\u00f6ksenteon sek\u00e4 k\u00e4yt\u00e4nteiden tukena. Jatkuva vuoropuhelu ja yhteisty\u00f6 mahdollistavat tutkimuskysymysten muotoilun yhdess\u00e4 kumppaneiden kanssa, alustavien tutkimustulosten arvioinnin ja seurantatoimien suunnittelun sek\u00e4 tutkimustulosten ja politiikkasuositusten levitt\u00e4misen keskeisille sidosryhmille.<\/p>\n\n\n\n<p class=\"wp-block-paragraph\">Hankkeen t\u00e4rkeimm\u00e4t yhteisty\u00f6kumppanit ovat Kotoutumisen osaamiskeskus joka toimii ty\u00f6- ja elinkeinoministeri\u00f6ss\u00e4, Etnisten suhteiden neuvottelukunta (ETNO), Moniheli ry, Monikulttuurikeskus Villa Victor (Oulun kaupunki), Familia ry sek\u00e4 Yhdenvertaisuusvaltuutettu.<br><br><\/p>\n\n\n\n<h6 class=\"wp-block-heading\"><strong>Impact goals<\/strong><\/h6>\n\n\n\n<p class=\"wp-block-paragraph\"><br>1. Risen public awareness of the importance of trust and two-way integration. Promotion of more ethical ways to discuss diversity and migration in the context of demographic change<\/p>\n\n\n\n<p class=\"wp-block-paragraph\">2. Promotion of equality and just treatment in the legal sphere, through information, in the labor market, and in everyday encounters (local, regional, and national level).<\/p>\n\n\n\n<p class=\"wp-block-paragraph\">3. Enhancing dialogue and collaboration between researchers, practitioners and other professionals, decision makers, migrants and their organizations, NGOs and other actors through relevant contributions on these themes.<\/p>\n\n\n\n<p class=\"wp-block-paragraph\"><\/p>\n\n\n\n<h6 class=\"wp-block-heading\" id=\"advisory-board\"><strong>Tieteellinen neuvoa-antava lautakunta<\/strong><\/h6>\n\n\n\n<p class=\"tw-text-wide wp-block-paragraph\">Professori Janine Dahinden, antropologia, muuttoliiketutkimus, Neuch\u00e2telin yliopisto<br>Professori Heikki Ervasti, sosiaalipolitiikka, Turun yliopisto<br>Professori Philippe Fargues, v\u00e4est\u00f6tiede, Euroopan yliopistoinstituutti<br>Professori Patricia Hynes, pakolaisuuden tutkimus, Sheffield Hallam University<br>Professori Sirpa Wrede, sosiologia, Helsingin yliopisto<\/p>\n\n\n\n<h6 class=\"wp-block-heading\" id=\"steering-group\"><strong>Johtoryhm\u00e4<\/strong><\/h6>\n\n\n\n<p class=\"tw-text-wide wp-block-paragraph\">Minna S\u00e4\u00e4v\u00e4l\u00e4, Kotoutumisen osaamiskeskus<br>Veli-Pekka Pelkonen, Oulun kaupungin Monikulttuurikeskus Villa Victor<br>Peter Kariuki, etnisten suhteiden neuvottelukunta (2021-2024).<br>Abdirahim Hussein, Moniheli Ry (2021-2024)<br>Elina Helmanen, Familia Ry (2024-)<br>Kristina Stenman, Yhdenvertaisuusvaltuutettu (2024-)<br><\/p>\n\n\n\n<h5 class=\"wp-block-heading\">Haluatko tehd\u00e4 yhteisty\u00f6t\u00e4 kanssamme? <\/h5>\n\n\n\n<p class=\"wp-block-paragraph\">Ota yhteytt\u00e4 hello@mobilefutures.fi tai <br><a href=\"https:\/\/mobilefutures.fi\/fi\/contact\/saara-pellander%ef%bf%bc\/\">Saara Pellander, Leader of interactions (WP6)<br><\/a><a href=\"https:\/\/mobilefutures.fi\/fi\/contact\/yasmin-samaletdin\/\">Yasmin Samaletdin, hanke- ja vuorovaikutusvastaava<\/a><br><a href=\"https:\/\/mobilefutures.fi\/fi\/contact\/linda-karvonen\/\">Linda Karvonen, Project Coordinator<\/a><\/p>\n\n\n\n<div style=\"height:100px\" aria-hidden=\"true\" class=\"wp-block-spacer\"><\/div>\n\n\n\n<div class=\"wp-block-group alignwide is-layout-flow wp-block-group-is-layout-flow\">\n<h6 class=\"wp-block-heading has-text-align-center has-foreground-color has-text-color has-large-font-size pb__1\"><strong>Konsortiokumppanit<\/strong><\/h6>\n\n\n\n<div class=\"wp-block-group alignwide is-layout-flow wp-block-group-is-layout-flow\">\n<div class=\"wp-block-columns alignwide has-subtle-background-color has-background is-layout-flex wp-container-core-columns-is-layout-794e3cfa wp-block-columns-is-layout-flex\">\n<div class=\"wp-block-column is-vertically-aligned-center is-layout-flow wp-block-column-is-layout-flow\">\n<figure class=\"wp-block-image aligncenter size-large is-resized\"><a href=\"https:\/\/www.abo.fi\/en\/\" target=\"_blank\" rel=\"noreferrer noopener\"><img decoding=\"async\" data-attachment-id=\"1001\" data-permalink=\"https:\/\/mobilefutures.fi\/fi\/mobile-futures-diversity-trust-and-two-way-integration\/attachment\/aboakademi-logo\/\" data-orig-file=\"https:\/\/mobilefutures.fi\/wp-content\/uploads\/2022\/02\/AboAkademi-logo.svg\" data-orig-size=\"0,0\" data-comments-opened=\"1\" data-image-meta=\"[]\" data-image-title=\"AboAkademi-logo\" data-image-description=\"\" data-image-caption=\"\" data-large-file=\"https:\/\/mobilefutures.fi\/wp-content\/uploads\/2022\/02\/AboAkademi-logo.svg\" src=\"https:\/\/mobilefutures.fi\/wp-content\/uploads\/2022\/02\/AboAkademi-logo.svg\" alt=\"\u00c5bo Akademi logo\" class=\"wp-image-1001\" style=\"width:148px;height:auto\"\/><\/a><\/figure>\n<\/div>\n\n\n\n<div class=\"wp-block-column is-vertically-aligned-center is-layout-flow wp-block-column-is-layout-flow\">\n<figure class=\"wp-block-image aligncenter size-large is-resized\"><a href=\"https:\/\/www.oulu.fi\/en\" target=\"_blank\" rel=\"noreferrer noopener\"><img decoding=\"async\" data-attachment-id=\"1022\" data-permalink=\"https:\/\/mobilefutures.fi\/fi\/mobile-futures-diversity-trust-and-two-way-integration\/attachment\/oulu\/\" data-orig-file=\"https:\/\/mobilefutures.fi\/wp-content\/uploads\/2022\/02\/oulu.svg\" data-orig-size=\"0,0\" data-comments-opened=\"1\" data-image-meta=\"[]\" data-image-title=\"oulu\" data-image-description=\"\" data-image-caption=\"\" data-large-file=\"https:\/\/mobilefutures.fi\/wp-content\/uploads\/2022\/02\/oulu.svg\" src=\"https:\/\/mobilefutures.fi\/wp-content\/uploads\/2022\/02\/oulu.svg\" alt=\"University of Oulu logo\" class=\"wp-image-1022\" style=\"width:109px\"\/><\/a><\/figure>\n<\/div>\n\n\n\n<div class=\"wp-block-column is-vertically-aligned-center is-layout-flow wp-block-column-is-layout-flow\">\n<figure class=\"wp-block-image aligncenter size-large is-resized\"><a href=\"https:\/\/siirtolaisuusinstituutti.fi\/en\/frontpage-eng\/\" target=\"_blank\" rel=\"noreferrer noopener\"><img decoding=\"async\" data-attachment-id=\"1039\" data-permalink=\"https:\/\/mobilefutures.fi\/fi\/mobile-futures-diversity-trust-and-two-way-integration\/attachment\/migration_institute_of_finland_blue-03\/\" data-orig-file=\"https:\/\/mobilefutures.fi\/wp-content\/uploads\/2022\/02\/migration_institute_of_finland_blue-03.svg\" data-orig-size=\"0,0\" data-comments-opened=\"1\" data-image-meta=\"[]\" data-image-title=\"migration_institute_of_finland_blue-03\" data-image-description=\"\" data-image-caption=\"\" data-large-file=\"https:\/\/mobilefutures.fi\/wp-content\/uploads\/2022\/02\/migration_institute_of_finland_blue-03.svg\" src=\"https:\/\/mobilefutures.fi\/wp-content\/uploads\/2022\/02\/migration_institute_of_finland_blue-03.svg\" alt=\"Migration Institute of Finland logo\" class=\"wp-image-1039\" style=\"width:217px\"\/><\/a><\/figure>\n<\/div>\n\n\n\n<div class=\"wp-block-column is-vertically-aligned-center is-layout-flow wp-block-column-is-layout-flow\">\n<figure class=\"wp-block-image aligncenter size-large is-resized\"><a href=\"https:\/\/www.utu.fi\/en\" target=\"_blank\" rel=\"noreferrer noopener\"><img decoding=\"async\" data-attachment-id=\"1024\" data-permalink=\"https:\/\/mobilefutures.fi\/fi\/mobile-futures-diversity-trust-and-two-way-integration\/attachment\/utu_logo_en\/\" data-orig-file=\"https:\/\/mobilefutures.fi\/wp-content\/uploads\/2022\/02\/UTU_logo_EN.svg\" data-orig-size=\"0,0\" data-comments-opened=\"1\" data-image-meta=\"[]\" data-image-title=\"UTU_logo_EN\" data-image-description=\"\" data-image-caption=\"\" data-large-file=\"https:\/\/mobilefutures.fi\/wp-content\/uploads\/2022\/02\/UTU_logo_EN.svg\" src=\"https:\/\/mobilefutures.fi\/wp-content\/uploads\/2022\/02\/UTU_logo_EN.svg\" alt=\"University of Turku logo\" class=\"wp-image-1024\" style=\"width:267px;height:93px\"\/><\/a><\/figure>\n<\/div>\n\n\n\n<div class=\"wp-block-column is-layout-flow wp-block-column-is-layout-flow\">\n<figure class=\"wp-block-image aligncenter size-full pt__9\"><img data-recalc-dims=\"1\" loading=\"lazy\" decoding=\"async\" width=\"422\" height=\"138\" data-attachment-id=\"5405\" data-permalink=\"https:\/\/mobilefutures.fi\/fi\/screenshot-2025-10-08-at-8-53-13-1\/\" data-orig-file=\"https:\/\/i0.wp.com\/mobilefutures.fi\/wp-content\/uploads\/2025\/10\/Screenshot-2025-10-08-at-8.53.13-1.png?fit=422%2C138&amp;ssl=1\" data-orig-size=\"422,138\" data-comments-opened=\"1\" data-image-meta=\"{&quot;aperture&quot;:&quot;0&quot;,&quot;credit&quot;:&quot;&quot;,&quot;camera&quot;:&quot;&quot;,&quot;caption&quot;:&quot;&quot;,&quot;created_timestamp&quot;:&quot;0&quot;,&quot;copyright&quot;:&quot;&quot;,&quot;focal_length&quot;:&quot;0&quot;,&quot;iso&quot;:&quot;0&quot;,&quot;shutter_speed&quot;:&quot;0&quot;,&quot;title&quot;:&quot;&quot;,&quot;orientation&quot;:&quot;0&quot;}\" data-image-title=\"Deaconess foundation\" data-image-description=\"\" data-image-caption=\"\" data-large-file=\"https:\/\/i0.wp.com\/mobilefutures.fi\/wp-content\/uploads\/2025\/10\/Screenshot-2025-10-08-at-8.53.13-1.png?fit=422%2C138&amp;ssl=1\" src=\"https:\/\/i0.wp.com\/mobilefutures.fi\/wp-content\/uploads\/2025\/10\/Screenshot-2025-10-08-at-8.53.13-1.png?resize=422%2C138&#038;ssl=1\" alt=\"\" class=\"wp-image-5405\" srcset=\"https:\/\/i0.wp.com\/mobilefutures.fi\/wp-content\/uploads\/2025\/10\/Screenshot-2025-10-08-at-8.53.13-1.png?w=422&amp;ssl=1 422w, https:\/\/i0.wp.com\/mobilefutures.fi\/wp-content\/uploads\/2025\/10\/Screenshot-2025-10-08-at-8.53.13-1.png?resize=300%2C98&amp;ssl=1 300w, https:\/\/i0.wp.com\/mobilefutures.fi\/wp-content\/uploads\/2025\/10\/Screenshot-2025-10-08-at-8.53.13-1.png?resize=18%2C6&amp;ssl=1 18w\" sizes=\"auto, (max-width: 422px) 100vw, 422px\" \/><\/figure>\n<\/div>\n<\/div>\n<\/div>\n<\/div>\n\n\n\n<div style=\"height:100px\" aria-hidden=\"true\" class=\"wp-block-spacer\"><\/div>","protected":false},"excerpt":{"rendered":"<p>The Mobile Futures research project develops multidisciplinary and cross-sectoral collaboration through various forms of co-creation. The aim is to work with key stakeholders to create practical ways of translating research findings into integration policies and practices, to reach the project&#8217;s impact goals. Continuous dialogue and collaboration allow for the formulation of research questions together with [&hellip;]<\/p>\n","protected":false},"author":215458246,"featured_media":1789,"parent":0,"menu_order":0,"comment_status":"closed","ping_status":"closed","template":"page-no-separators","meta":{"_crdt_document":"","inline_featured_image":false,"footnotes":""},"page_category":[1384],"class_list":["post-687","page","type-page","status-publish","has-post-thumbnail","hentry","page_category-work-packages"],"yoast_head":"<!-- This site is optimized with the Yoast SEO plugin v27.5 - https:\/\/yoast.com\/product\/yoast-seo-wordpress\/ -->\n<title>Mobile Futures &#8211; Collaboration and Impact<\/title>\n<meta name=\"description\" content=\"Mobile Futures develops collaboration through the Living Labs. Here the aim is to work with key stakeholders to create practical ways of translating research into integration policies and practices.\" \/>\n<meta name=\"robots\" content=\"index, follow, max-snippet:-1, max-image-preview:large, max-video-preview:-1\" \/>\n<link rel=\"canonical\" href=\"https:\/\/mobilefutures.fi\/fi\/collaboration-and-impact\/\" \/>\n<meta property=\"og:locale\" content=\"fi_FI\" \/>\n<meta property=\"og:type\" content=\"article\" \/>\n<meta property=\"og:title\" content=\"Mobile Futures &#8211; Collaboration and Impact\" \/>\n<meta property=\"og:description\" content=\"Mobile Futures develops collaboration through the Living Labs. Here the aim is to work with key stakeholders to create practical ways of translating research into integration policies and practices.\" \/>\n<meta property=\"og:url\" content=\"https:\/\/mobilefutures.fi\/fi\/collaboration-and-impact\/\" \/>\n<meta property=\"og:site_name\" content=\"Mobile Futures\" \/>\n<meta property=\"article:publisher\" content=\"https:\/\/www.facebook.com\/MobileFuturesFI\" \/>\n<meta property=\"article:modified_time\" content=\"2025-09-03T10:52:48+00:00\" \/>\n<meta property=\"og:image\" content=\"https:\/\/mobilefutures.fi\/wp-content\/uploads\/2022\/02\/WP6.png\" \/>\n\t<meta property=\"og:image:width\" content=\"1921\" \/>\n\t<meta property=\"og:image:height\" content=\"800\" \/>\n\t<meta property=\"og:image:type\" content=\"image\/png\" \/>\n<meta name=\"twitter:card\" content=\"summary_large_image\" \/>\n<meta name=\"twitter:site\" content=\"@MobileFuturesFI\" \/>\n<meta name=\"twitter:label1\" content=\"Arvioitu lukuaika\" \/>\n\t<meta name=\"twitter:data1\" content=\"1 minuutti\" \/>\n<script type=\"application\/ld+json\" class=\"yoast-schema-graph\">{\"@context\":\"https:\\\/\\\/schema.org\",\"@graph\":[{\"@type\":\"WebPage\",\"@id\":\"https:\\\/\\\/mobilefutures.fi\\\/collaboration-and-impact\\\/\",\"url\":\"https:\\\/\\\/mobilefutures.fi\\\/collaboration-and-impact\\\/\",\"name\":\"Mobile Futures &#8211; Collaboration and Impact\",\"isPartOf\":{\"@id\":\"https:\\\/\\\/mobilefutures.fi\\\/#website\"},\"primaryImageOfPage\":{\"@id\":\"https:\\\/\\\/mobilefutures.fi\\\/collaboration-and-impact\\\/#primaryimage\"},\"image\":{\"@id\":\"https:\\\/\\\/mobilefutures.fi\\\/collaboration-and-impact\\\/#primaryimage\"},\"thumbnailUrl\":\"https:\\\/\\\/i0.wp.com\\\/mobilefutures.fi\\\/wp-content\\\/uploads\\\/2022\\\/02\\\/WP6.png?fit=1921%2C800&ssl=1\",\"datePublished\":\"2022-01-24T06:17:51+00:00\",\"dateModified\":\"2025-09-03T10:52:48+00:00\",\"description\":\"Mobile Futures develops collaboration through the Living Labs. Here the aim is to work with key stakeholders to create practical ways of translating research into integration policies and practices.\",\"breadcrumb\":{\"@id\":\"https:\\\/\\\/mobilefutures.fi\\\/collaboration-and-impact\\\/#breadcrumb\"},\"inLanguage\":\"fi\",\"potentialAction\":[{\"@type\":\"ReadAction\",\"target\":[\"https:\\\/\\\/mobilefutures.fi\\\/collaboration-and-impact\\\/\"]}]},{\"@type\":\"ImageObject\",\"inLanguage\":\"fi\",\"@id\":\"https:\\\/\\\/mobilefutures.fi\\\/collaboration-and-impact\\\/#primaryimage\",\"url\":\"https:\\\/\\\/i0.wp.com\\\/mobilefutures.fi\\\/wp-content\\\/uploads\\\/2022\\\/02\\\/WP6.png?fit=1921%2C800&ssl=1\",\"contentUrl\":\"https:\\\/\\\/i0.wp.com\\\/mobilefutures.fi\\\/wp-content\\\/uploads\\\/2022\\\/02\\\/WP6.png?fit=1921%2C800&ssl=1\",\"width\":1921,\"height\":800},{\"@type\":\"BreadcrumbList\",\"@id\":\"https:\\\/\\\/mobilefutures.fi\\\/collaboration-and-impact\\\/#breadcrumb\",\"itemListElement\":[{\"@type\":\"ListItem\",\"position\":1,\"name\":\"Home\",\"item\":\"https:\\\/\\\/mobilefutures.fi\\\/\"},{\"@type\":\"ListItem\",\"position\":2,\"name\":\"Collaboration and&nbsp;Impact\"}]},{\"@type\":\"WebSite\",\"@id\":\"https:\\\/\\\/mobilefutures.fi\\\/#website\",\"url\":\"https:\\\/\\\/mobilefutures.fi\\\/\",\"name\":\"Mobile Futures\",\"description\":\"Diversity, Trust and Two-Way Integration\",\"publisher\":{\"@id\":\"https:\\\/\\\/mobilefutures.fi\\\/#organization\"},\"potentialAction\":[{\"@type\":\"SearchAction\",\"target\":{\"@type\":\"EntryPoint\",\"urlTemplate\":\"https:\\\/\\\/mobilefutures.fi\\\/?s={search_term_string}\"},\"query-input\":{\"@type\":\"PropertyValueSpecification\",\"valueRequired\":true,\"valueName\":\"search_term_string\"}}],\"inLanguage\":\"fi\"},{\"@type\":\"Organization\",\"@id\":\"https:\\\/\\\/mobilefutures.fi\\\/#organization\",\"name\":\"Mobile Futures\",\"url\":\"https:\\\/\\\/mobilefutures.fi\\\/\",\"logo\":{\"@type\":\"ImageObject\",\"inLanguage\":\"fi\",\"@id\":\"https:\\\/\\\/mobilefutures.fi\\\/#\\\/schema\\\/logo\\\/image\\\/\",\"url\":\"https:\\\/\\\/i0.wp.com\\\/mobilefutures.fi\\\/wp-content\\\/uploads\\\/2022\\\/02\\\/Logo-black-1.png?fit=4383%2C2000&ssl=1\",\"contentUrl\":\"https:\\\/\\\/i0.wp.com\\\/mobilefutures.fi\\\/wp-content\\\/uploads\\\/2022\\\/02\\\/Logo-black-1.png?fit=4383%2C2000&ssl=1\",\"width\":4383,\"height\":2000,\"caption\":\"Mobile Futures\"},\"image\":{\"@id\":\"https:\\\/\\\/mobilefutures.fi\\\/#\\\/schema\\\/logo\\\/image\\\/\"},\"sameAs\":[\"https:\\\/\\\/www.facebook.com\\\/MobileFuturesFI\",\"https:\\\/\\\/x.com\\\/MobileFuturesFI\"]}]}<\/script>\n<!-- \/ Yoast SEO plugin. -->","yoast_head_json":{"title":"Mobile Futures &#8211; Collaboration and Impact","description":"Mobile Futures develops collaboration through the Living Labs. Here the aim is to work with key stakeholders to create practical ways of translating research into integration policies and practices.","robots":{"index":"index","follow":"follow","max-snippet":"max-snippet:-1","max-image-preview":"max-image-preview:large","max-video-preview":"max-video-preview:-1"},"canonical":"https:\/\/mobilefutures.fi\/fi\/collaboration-and-impact\/","og_locale":"fi_FI","og_type":"article","og_title":"Mobile Futures &#8211; Collaboration and Impact","og_description":"Mobile Futures develops collaboration through the Living Labs. Here the aim is to work with key stakeholders to create practical ways of translating research into integration policies and practices.","og_url":"https:\/\/mobilefutures.fi\/fi\/collaboration-and-impact\/","og_site_name":"Mobile Futures","article_publisher":"https:\/\/www.facebook.com\/MobileFuturesFI","article_modified_time":"2025-09-03T10:52:48+00:00","og_image":[{"width":1921,"height":800,"url":"https:\/\/mobilefutures.fi\/wp-content\/uploads\/2022\/02\/WP6.png","type":"image\/png"}],"twitter_card":"summary_large_image","twitter_site":"@MobileFuturesFI","twitter_misc":{"Arvioitu lukuaika":"1 minuutti"},"schema":{"@context":"https:\/\/schema.org","@graph":[{"@type":"WebPage","@id":"https:\/\/mobilefutures.fi\/collaboration-and-impact\/","url":"https:\/\/mobilefutures.fi\/collaboration-and-impact\/","name":"Mobile Futures &#8211; Collaboration and Impact","isPartOf":{"@id":"https:\/\/mobilefutures.fi\/#website"},"primaryImageOfPage":{"@id":"https:\/\/mobilefutures.fi\/collaboration-and-impact\/#primaryimage"},"image":{"@id":"https:\/\/mobilefutures.fi\/collaboration-and-impact\/#primaryimage"},"thumbnailUrl":"https:\/\/i0.wp.com\/mobilefutures.fi\/wp-content\/uploads\/2022\/02\/WP6.png?fit=1921%2C800&ssl=1","datePublished":"2022-01-24T06:17:51+00:00","dateModified":"2025-09-03T10:52:48+00:00","description":"Mobile Futures develops collaboration through the Living Labs. Here the aim is to work with key stakeholders to create practical ways of translating research into integration policies and practices.","breadcrumb":{"@id":"https:\/\/mobilefutures.fi\/collaboration-and-impact\/#breadcrumb"},"inLanguage":"fi","potentialAction":[{"@type":"ReadAction","target":["https:\/\/mobilefutures.fi\/collaboration-and-impact\/"]}]},{"@type":"ImageObject","inLanguage":"fi","@id":"https:\/\/mobilefutures.fi\/collaboration-and-impact\/#primaryimage","url":"https:\/\/i0.wp.com\/mobilefutures.fi\/wp-content\/uploads\/2022\/02\/WP6.png?fit=1921%2C800&ssl=1","contentUrl":"https:\/\/i0.wp.com\/mobilefutures.fi\/wp-content\/uploads\/2022\/02\/WP6.png?fit=1921%2C800&ssl=1","width":1921,"height":800},{"@type":"BreadcrumbList","@id":"https:\/\/mobilefutures.fi\/collaboration-and-impact\/#breadcrumb","itemListElement":[{"@type":"ListItem","position":1,"name":"Home","item":"https:\/\/mobilefutures.fi\/"},{"@type":"ListItem","position":2,"name":"Collaboration and&nbsp;Impact"}]},{"@type":"WebSite","@id":"https:\/\/mobilefutures.fi\/#website","url":"https:\/\/mobilefutures.fi\/","name":"Mobile Futures","description":"Monimuotoisuus, luottamus ja kaksisuuntainen integraatio","publisher":{"@id":"https:\/\/mobilefutures.fi\/#organization"},"potentialAction":[{"@type":"SearchAction","target":{"@type":"EntryPoint","urlTemplate":"https:\/\/mobilefutures.fi\/?s={search_term_string}"},"query-input":{"@type":"PropertyValueSpecification","valueRequired":true,"valueName":"search_term_string"}}],"inLanguage":"fi"},{"@type":"Organization","@id":"https:\/\/mobilefutures.fi\/#organization","name":"Mobile Futures","url":"https:\/\/mobilefutures.fi\/","logo":{"@type":"ImageObject","inLanguage":"fi","@id":"https:\/\/mobilefutures.fi\/#\/schema\/logo\/image\/","url":"https:\/\/i0.wp.com\/mobilefutures.fi\/wp-content\/uploads\/2022\/02\/Logo-black-1.png?fit=4383%2C2000&ssl=1","contentUrl":"https:\/\/i0.wp.com\/mobilefutures.fi\/wp-content\/uploads\/2022\/02\/Logo-black-1.png?fit=4383%2C2000&ssl=1","width":4383,"height":2000,"caption":"Mobile Futures"},"image":{"@id":"https:\/\/mobilefutures.fi\/#\/schema\/logo\/image\/"},"sameAs":["https:\/\/www.facebook.com\/MobileFuturesFI","https:\/\/x.com\/MobileFuturesFI"]}]}},"jetpack_likes_enabled":false,"jetpack_sharing_enabled":true,"jetpack_shortlink":"https:\/\/wp.me\/PdClTx-b5","_links":{"self":[{"href":"https:\/\/mobilefutures.fi\/fi\/wp-json\/wp\/v2\/pages\/687","targetHints":{"allow":["GET"]}}],"collection":[{"href":"https:\/\/mobilefutures.fi\/fi\/wp-json\/wp\/v2\/pages"}],"about":[{"href":"https:\/\/mobilefutures.fi\/fi\/wp-json\/wp\/v2\/types\/page"}],"author":[{"embeddable":true,"href":"https:\/\/mobilefutures.fi\/fi\/wp-json\/wp\/v2\/users\/215458246"}],"replies":[{"embeddable":true,"href":"https:\/\/mobilefutures.fi\/fi\/wp-json\/wp\/v2\/comments?post=687"}],"version-history":[{"count":28,"href":"https:\/\/mobilefutures.fi\/fi\/wp-json\/wp\/v2\/pages\/687\/revisions"}],"predecessor-version":[{"id":5285,"href":"https:\/\/mobilefutures.fi\/fi\/wp-json\/wp\/v2\/pages\/687\/revisions\/5285"}],"wp:featuredmedia":[{"embeddable":true,"href":"https:\/\/mobilefutures.fi\/fi\/wp-json\/wp\/v2\/media\/1789"}],"wp:attachment":[{"href":"https:\/\/mobilefutures.fi\/fi\/wp-json\/wp\/v2\/media?parent=687"}],"wp:term":[{"taxonomy":"page_category","embeddable":true,"href":"https:\/\/mobilefutures.fi\/fi\/wp-json\/wp\/v2\/page_category?post=687"}],"curies":[{"name":"wp","href":"https:\/\/api.w.org\/{rel}","templated":true}]}}