{"id":898,"date":"2022-02-18T09:52:25","date_gmt":"2022-02-18T07:52:25","guid":{"rendered":"https:\/\/mobilefutures.fi\/?page_id=898"},"modified":"2025-09-02T12:29:14","modified_gmt":"2025-09-02T09:29:14","slug":"work-package-2-trust-in-law","status":"publish","type":"page","link":"https:\/\/mobilefutures.fi\/fi\/work-packages\/work-package-2-trust-in-law\/","title":{"rendered":"Luottamus oikeuteen"},"content":{"rendered":"<h5 class=\"wp-block-heading\" id=\"work-package-leader-daniela-alaattinoglu-university-of-turku-daniela-alaattinoglu-utu-fi\"><em>The activities of work package 2 ended september 2024<\/em>. <em>follow <a href=\"https:\/\/mobilefutures.fi\/publications\/\">our publications here<\/a>.<\/em><br><\/h5>\n\n\n\n<hr class=\"wp-block-separator has-alpha-channel-opacity\"\/>\n\n\n\n<p class=\"wp-block-paragraph\"><\/p>\n\n\n\n<h5 class=\"wp-block-heading\" id=\"work-package-leader-daniela-alaattinoglu-university-of-turku-daniela-alaattinoglu-utu-fi\">Ty\u00f6paketin 2 johtaja<\/h5>\n\n\n\n<p class=\"wp-block-paragraph\"><a href=\"https:\/\/mobilefutures.fi\/fi\/contact\/daniela-alaattinoglu\/\">Daniela Alaattino\u011flu<\/a>, Turun yliopisto, <a href=\"mailto:daniela.alaattinoglu@utu.fi\">daniela.alaattinoglu@utu.fi<\/a><\/p>\n\n\n\n<h5 class=\"wp-block-heading\" id=\"about-the-workpackage\">Tietoa tutkimuksesta<\/h5>\n\n\n\n<p class=\"wp-block-paragraph\">Ty\u00f6paketti 2 tutkii, miten luottamus ja ep\u00e4luottamus v\u00e4littyv\u00e4t ja rakentuvat oikeudellisissa prosesseissa, jotka mahdollistavat muuttamisen ja asettumisen Suomeen. Tutkijat tarkastelevat, miten olemassa olevien kansallisten s\u00e4\u00e4d\u00f6sten ja Suomen kansainv\u00e4listen ihmisoikeusvelvoitteiden t\u00e4yt\u00e4nt\u00f6\u00f6npano kietoutuu institutionaaliseen luottamukseen. Ty\u00f6paketissa tarkastellaan ensinn\u00e4kin sit\u00e4, miten luottamus rakentuu Suomen maahanmuuttolains\u00e4\u00e4d\u00e4nn\u00f6ss\u00e4 ja sen uudistamista koskevissa keskusteluissa. Toiseksi tutkitaan, miten maahanmuuttajien ja ei-maahanmuuttotaustaisten kokemukset oikeusj\u00e4rjestelm\u00e4st\u00e4 vaikuttavat luottamukseen instituutioita kohtaan.<\/p>\n\n\n\n<p class=\"wp-block-paragraph\">Tutkiaksemme luottamuksen oikeudellista rakentumista maahanmuuttolains\u00e4\u00e4d\u00e4nt\u00f6\u00e4 koskevissa diskursseissa ty\u00f6paketissa kartoitetaan ja analysoidaan maahanmuuttolains\u00e4\u00e4d\u00e4nn\u00f6n sis\u00e4ll\u00f6llisi\u00e4 muutoksia Suomessa vuosina 1995-2021. T\u00e4m\u00e4 tehd\u00e4\u00e4n laadullisen sis\u00e4ll\u00f6nanalyysin ja kriittisen diskurssianalyysin avulla. Lis\u00e4ksi tavoitteena on kartoittaa maahanmuuttajien ja ei-maahanmuuttotaustaisten luottamusta valtion instituutioihin a) analysoimalla luottamuksen ja kansallisia lakeja ja kansainv\u00e4lisi\u00e4 ihmisoikeusvelvoitteita koskevien institutionaalisten l\u00e4hestymistapojen v\u00e4list\u00e4 suhdetta ja b) toteuttamalla oikeudellis-etnografista tutkimusta ty\u00f6nantajien ja maahanmuuttajien keskuudessa.<\/p>\n\n\n\n<h5 class=\"wp-block-heading\" id=\"primary-collaborators\">Ensisijaiset yhteisty\u00f6kumppanit<\/h5>\n\n\n\n<p class=\"wp-block-paragraph\">Sis\u00e4ministeri\u00f6, ETNOn sihteerist\u00f6<\/p>\n\n\n\n<h5 class=\"wp-block-heading\" id=\"researchers\">Tutkijat<\/h5>\n\n\n\n<p class=\"wp-block-paragraph\"><a href=\"https:\/\/mobilefutures.fi\/fi\/contact\/yulia-dergacheva\/\">Yulia Dergacheva, Turun yliopisto<br><\/a><a href=\"https:\/\/mobilefutures.fi\/fi\/contact\/dionysia-kang%ef%bf%bc\/\">Dionysia Kang, \u00c5bo Akademi<br><\/a><a href=\"https:\/\/mobilefutures.fi\/fi\/contact\/magdalena-kmak\/\">Magdalena Kmak, \u00c5bo Akademin yliopisto<br><\/a><a href=\"https:\/\/mobilefutures.fi\/fi\/contact\/mervi-leppakorpi-2\/\">Mervi Lepp\u00e4korpi, Turun yliopisto<br><\/a><a href=\"https:\/\/mobilefutures.fi\/fi\/contact\/jaana-palander\/\">Jaana Palander, Siirtolaisuusinstituutti<br><\/a><a href=\"https:\/\/mobilefutures.fi\/fi\/contact\/stephen-phillips\/\">Stephen Phillips, \u00c5bo Akademi<\/a><\/p>","protected":false},"excerpt":{"rendered":"<p>T\u00e4ss\u00e4 ty\u00f6paketissa tutkitaan, miten luottamus rakentuu maahanmuuttolains\u00e4\u00e4d\u00e4nn\u00f6n uudistamista koskevissa s\u00e4\u00e4d\u00f6ksiss\u00e4 ja keskusteluissa Suomessa. Lis\u00e4ksi tutkitaan, miten maahanmuuttajien ja ei-maahanmuttotaustaisten kokemukset oikeusj\u00e4rjestelm\u00e4st\u00e4 vaikuttavat luottamukseen instituutioita kohtaan.<\/p>","protected":false},"author":215458247,"featured_media":1778,"parent":654,"menu_order":2,"comment_status":"closed","ping_status":"closed","template":"page-no-separators","meta":{"_crdt_document":"","inline_featured_image":false,"footnotes":""},"page_category":[1384],"class_list":["post-898","page","type-page","status-publish","has-post-thumbnail","hentry","page_category-work-packages"],"yoast_head":"<!-- This site is optimized with the Yoast SEO plugin v27.5 - https:\/\/yoast.com\/product\/yoast-seo-wordpress\/ -->\n<title>Mobile Futures &#8211; Trust in Law<\/title>\n<meta name=\"robots\" content=\"index, follow, max-snippet:-1, max-image-preview:large, max-video-preview:-1\" \/>\n<link rel=\"canonical\" href=\"https:\/\/mobilefutures.fi\/fi\/work-packages\/work-package-2-trust-in-law\/\" \/>\n<meta property=\"og:locale\" content=\"fi_FI\" \/>\n<meta property=\"og:type\" content=\"article\" \/>\n<meta property=\"og:title\" content=\"Mobile Futures &#8211; Trust in Law\" \/>\n<meta property=\"og:description\" content=\"This work package investigates how trust is constructed in the regulations and discussions on legal reforms of the immigration law in Finland. It also explores how migrants\u2019 and non-migrants\u2019 experiences of law affects trust towards institutions.\" \/>\n<meta property=\"og:url\" content=\"https:\/\/mobilefutures.fi\/fi\/work-packages\/work-package-2-trust-in-law\/\" \/>\n<meta property=\"og:site_name\" content=\"Mobile Futures\" \/>\n<meta property=\"article:publisher\" content=\"https:\/\/www.facebook.com\/MobileFuturesFI\" \/>\n<meta property=\"article:modified_time\" content=\"2025-09-02T09:29:14+00:00\" \/>\n<meta property=\"og:image\" content=\"https:\/\/mobilefutures.fi\/wp-content\/uploads\/2022\/03\/WP2.png\" \/>\n\t<meta property=\"og:image:width\" content=\"1921\" \/>\n\t<meta property=\"og:image:height\" content=\"800\" \/>\n\t<meta property=\"og:image:type\" content=\"image\/png\" \/>\n<meta name=\"twitter:card\" content=\"summary_large_image\" \/>\n<meta name=\"twitter:site\" content=\"@MobileFuturesFI\" \/>\n<meta name=\"twitter:label1\" content=\"Arvioitu lukuaika\" \/>\n\t<meta name=\"twitter:data1\" content=\"1 minuutti\" \/>\n<script type=\"application\/ld+json\" class=\"yoast-schema-graph\">{\"@context\":\"https:\\\/\\\/schema.org\",\"@graph\":[{\"@type\":\"WebPage\",\"@id\":\"https:\\\/\\\/mobilefutures.fi\\\/work-packages\\\/work-package-2-trust-in-law\\\/\",\"url\":\"https:\\\/\\\/mobilefutures.fi\\\/work-packages\\\/work-package-2-trust-in-law\\\/\",\"name\":\"Mobile Futures &#8211; Trust in Law\",\"isPartOf\":{\"@id\":\"https:\\\/\\\/mobilefutures.fi\\\/#website\"},\"primaryImageOfPage\":{\"@id\":\"https:\\\/\\\/mobilefutures.fi\\\/work-packages\\\/work-package-2-trust-in-law\\\/#primaryimage\"},\"image\":{\"@id\":\"https:\\\/\\\/mobilefutures.fi\\\/work-packages\\\/work-package-2-trust-in-law\\\/#primaryimage\"},\"thumbnailUrl\":\"https:\\\/\\\/i0.wp.com\\\/mobilefutures.fi\\\/wp-content\\\/uploads\\\/2022\\\/03\\\/WP2.png?fit=1921%2C800&ssl=1\",\"datePublished\":\"2022-02-18T07:52:25+00:00\",\"dateModified\":\"2025-09-02T09:29:14+00:00\",\"breadcrumb\":{\"@id\":\"https:\\\/\\\/mobilefutures.fi\\\/work-packages\\\/work-package-2-trust-in-law\\\/#breadcrumb\"},\"inLanguage\":\"fi\",\"potentialAction\":[{\"@type\":\"ReadAction\",\"target\":[\"https:\\\/\\\/mobilefutures.fi\\\/work-packages\\\/work-package-2-trust-in-law\\\/\"]}]},{\"@type\":\"ImageObject\",\"inLanguage\":\"fi\",\"@id\":\"https:\\\/\\\/mobilefutures.fi\\\/work-packages\\\/work-package-2-trust-in-law\\\/#primaryimage\",\"url\":\"https:\\\/\\\/i0.wp.com\\\/mobilefutures.fi\\\/wp-content\\\/uploads\\\/2022\\\/03\\\/WP2.png?fit=1921%2C800&ssl=1\",\"contentUrl\":\"https:\\\/\\\/i0.wp.com\\\/mobilefutures.fi\\\/wp-content\\\/uploads\\\/2022\\\/03\\\/WP2.png?fit=1921%2C800&ssl=1\",\"width\":1921,\"height\":800},{\"@type\":\"BreadcrumbList\",\"@id\":\"https:\\\/\\\/mobilefutures.fi\\\/work-packages\\\/work-package-2-trust-in-law\\\/#breadcrumb\",\"itemListElement\":[{\"@type\":\"ListItem\",\"position\":1,\"name\":\"Home\",\"item\":\"https:\\\/\\\/mobilefutures.fi\\\/\"},{\"@type\":\"ListItem\",\"position\":2,\"name\":\"Research themes\",\"item\":\"https:\\\/\\\/mobilefutures.fi\\\/work-packages\\\/\"},{\"@type\":\"ListItem\",\"position\":3,\"name\":\"Trust in&nbsp;Law\"}]},{\"@type\":\"WebSite\",\"@id\":\"https:\\\/\\\/mobilefutures.fi\\\/#website\",\"url\":\"https:\\\/\\\/mobilefutures.fi\\\/\",\"name\":\"Mobile Futures\",\"description\":\"Diversity, Trust and Two-Way Integration\",\"publisher\":{\"@id\":\"https:\\\/\\\/mobilefutures.fi\\\/#organization\"},\"potentialAction\":[{\"@type\":\"SearchAction\",\"target\":{\"@type\":\"EntryPoint\",\"urlTemplate\":\"https:\\\/\\\/mobilefutures.fi\\\/?s={search_term_string}\"},\"query-input\":{\"@type\":\"PropertyValueSpecification\",\"valueRequired\":true,\"valueName\":\"search_term_string\"}}],\"inLanguage\":\"fi\"},{\"@type\":\"Organization\",\"@id\":\"https:\\\/\\\/mobilefutures.fi\\\/#organization\",\"name\":\"Mobile Futures\",\"url\":\"https:\\\/\\\/mobilefutures.fi\\\/\",\"logo\":{\"@type\":\"ImageObject\",\"inLanguage\":\"fi\",\"@id\":\"https:\\\/\\\/mobilefutures.fi\\\/#\\\/schema\\\/logo\\\/image\\\/\",\"url\":\"https:\\\/\\\/i0.wp.com\\\/mobilefutures.fi\\\/wp-content\\\/uploads\\\/2022\\\/02\\\/Logo-black-1.png?fit=4383%2C2000&ssl=1\",\"contentUrl\":\"https:\\\/\\\/i0.wp.com\\\/mobilefutures.fi\\\/wp-content\\\/uploads\\\/2022\\\/02\\\/Logo-black-1.png?fit=4383%2C2000&ssl=1\",\"width\":4383,\"height\":2000,\"caption\":\"Mobile Futures\"},\"image\":{\"@id\":\"https:\\\/\\\/mobilefutures.fi\\\/#\\\/schema\\\/logo\\\/image\\\/\"},\"sameAs\":[\"https:\\\/\\\/www.facebook.com\\\/MobileFuturesFI\",\"https:\\\/\\\/x.com\\\/MobileFuturesFI\"]}]}<\/script>\n<!-- \/ Yoast SEO plugin. -->","yoast_head_json":{"title":"Mobile Futures &#8211; Trust in Law","robots":{"index":"index","follow":"follow","max-snippet":"max-snippet:-1","max-image-preview":"max-image-preview:large","max-video-preview":"max-video-preview:-1"},"canonical":"https:\/\/mobilefutures.fi\/fi\/work-packages\/work-package-2-trust-in-law\/","og_locale":"fi_FI","og_type":"article","og_title":"Mobile Futures &#8211; Trust in Law","og_description":"This work package investigates how trust is constructed in the regulations and discussions on legal reforms of the immigration law in Finland. It also explores how migrants\u2019 and non-migrants\u2019 experiences of law affects trust towards institutions.","og_url":"https:\/\/mobilefutures.fi\/fi\/work-packages\/work-package-2-trust-in-law\/","og_site_name":"Mobile Futures","article_publisher":"https:\/\/www.facebook.com\/MobileFuturesFI","article_modified_time":"2025-09-02T09:29:14+00:00","og_image":[{"width":1921,"height":800,"url":"https:\/\/mobilefutures.fi\/wp-content\/uploads\/2022\/03\/WP2.png","type":"image\/png"}],"twitter_card":"summary_large_image","twitter_site":"@MobileFuturesFI","twitter_misc":{"Arvioitu lukuaika":"1 minuutti"},"schema":{"@context":"https:\/\/schema.org","@graph":[{"@type":"WebPage","@id":"https:\/\/mobilefutures.fi\/work-packages\/work-package-2-trust-in-law\/","url":"https:\/\/mobilefutures.fi\/work-packages\/work-package-2-trust-in-law\/","name":"Mobile Futures &#8211; Trust in Law","isPartOf":{"@id":"https:\/\/mobilefutures.fi\/#website"},"primaryImageOfPage":{"@id":"https:\/\/mobilefutures.fi\/work-packages\/work-package-2-trust-in-law\/#primaryimage"},"image":{"@id":"https:\/\/mobilefutures.fi\/work-packages\/work-package-2-trust-in-law\/#primaryimage"},"thumbnailUrl":"https:\/\/i0.wp.com\/mobilefutures.fi\/wp-content\/uploads\/2022\/03\/WP2.png?fit=1921%2C800&ssl=1","datePublished":"2022-02-18T07:52:25+00:00","dateModified":"2025-09-02T09:29:14+00:00","breadcrumb":{"@id":"https:\/\/mobilefutures.fi\/work-packages\/work-package-2-trust-in-law\/#breadcrumb"},"inLanguage":"fi","potentialAction":[{"@type":"ReadAction","target":["https:\/\/mobilefutures.fi\/work-packages\/work-package-2-trust-in-law\/"]}]},{"@type":"ImageObject","inLanguage":"fi","@id":"https:\/\/mobilefutures.fi\/work-packages\/work-package-2-trust-in-law\/#primaryimage","url":"https:\/\/i0.wp.com\/mobilefutures.fi\/wp-content\/uploads\/2022\/03\/WP2.png?fit=1921%2C800&ssl=1","contentUrl":"https:\/\/i0.wp.com\/mobilefutures.fi\/wp-content\/uploads\/2022\/03\/WP2.png?fit=1921%2C800&ssl=1","width":1921,"height":800},{"@type":"BreadcrumbList","@id":"https:\/\/mobilefutures.fi\/work-packages\/work-package-2-trust-in-law\/#breadcrumb","itemListElement":[{"@type":"ListItem","position":1,"name":"Home","item":"https:\/\/mobilefutures.fi\/"},{"@type":"ListItem","position":2,"name":"Research themes","item":"https:\/\/mobilefutures.fi\/work-packages\/"},{"@type":"ListItem","position":3,"name":"Trust in&nbsp;Law"}]},{"@type":"WebSite","@id":"https:\/\/mobilefutures.fi\/#website","url":"https:\/\/mobilefutures.fi\/","name":"Mobile Futures","description":"Monimuotoisuus, luottamus ja kaksisuuntainen integraatio","publisher":{"@id":"https:\/\/mobilefutures.fi\/#organization"},"potentialAction":[{"@type":"SearchAction","target":{"@type":"EntryPoint","urlTemplate":"https:\/\/mobilefutures.fi\/?s={search_term_string}"},"query-input":{"@type":"PropertyValueSpecification","valueRequired":true,"valueName":"search_term_string"}}],"inLanguage":"fi"},{"@type":"Organization","@id":"https:\/\/mobilefutures.fi\/#organization","name":"Mobile Futures","url":"https:\/\/mobilefutures.fi\/","logo":{"@type":"ImageObject","inLanguage":"fi","@id":"https:\/\/mobilefutures.fi\/#\/schema\/logo\/image\/","url":"https:\/\/i0.wp.com\/mobilefutures.fi\/wp-content\/uploads\/2022\/02\/Logo-black-1.png?fit=4383%2C2000&ssl=1","contentUrl":"https:\/\/i0.wp.com\/mobilefutures.fi\/wp-content\/uploads\/2022\/02\/Logo-black-1.png?fit=4383%2C2000&ssl=1","width":4383,"height":2000,"caption":"Mobile Futures"},"image":{"@id":"https:\/\/mobilefutures.fi\/#\/schema\/logo\/image\/"},"sameAs":["https:\/\/www.facebook.com\/MobileFuturesFI","https:\/\/x.com\/MobileFuturesFI"]}]}},"jetpack_likes_enabled":false,"jetpack_sharing_enabled":true,"jetpack_shortlink":"https:\/\/wp.me\/PdClTx-eu","_links":{"self":[{"href":"https:\/\/mobilefutures.fi\/fi\/wp-json\/wp\/v2\/pages\/898","targetHints":{"allow":["GET"]}}],"collection":[{"href":"https:\/\/mobilefutures.fi\/fi\/wp-json\/wp\/v2\/pages"}],"about":[{"href":"https:\/\/mobilefutures.fi\/fi\/wp-json\/wp\/v2\/types\/page"}],"author":[{"embeddable":true,"href":"https:\/\/mobilefutures.fi\/fi\/wp-json\/wp\/v2\/users\/215458247"}],"replies":[{"embeddable":true,"href":"https:\/\/mobilefutures.fi\/fi\/wp-json\/wp\/v2\/comments?post=898"}],"version-history":[{"count":21,"href":"https:\/\/mobilefutures.fi\/fi\/wp-json\/wp\/v2\/pages\/898\/revisions"}],"predecessor-version":[{"id":5280,"href":"https:\/\/mobilefutures.fi\/fi\/wp-json\/wp\/v2\/pages\/898\/revisions\/5280"}],"up":[{"embeddable":true,"href":"https:\/\/mobilefutures.fi\/fi\/wp-json\/wp\/v2\/pages\/654"}],"wp:featuredmedia":[{"embeddable":true,"href":"https:\/\/mobilefutures.fi\/fi\/wp-json\/wp\/v2\/media\/1778"}],"wp:attachment":[{"href":"https:\/\/mobilefutures.fi\/fi\/wp-json\/wp\/v2\/media?parent=898"}],"wp:term":[{"taxonomy":"page_category","embeddable":true,"href":"https:\/\/mobilefutures.fi\/fi\/wp-json\/wp\/v2\/page_category?post=898"}],"curies":[{"name":"wp","href":"https:\/\/api.w.org\/{rel}","templated":true}]}}