{"id":2936,"date":"2023-08-28T12:01:57","date_gmt":"2023-08-28T09:01:57","guid":{"rendered":"https:\/\/mobilefutures.fi\/?page_id=2936"},"modified":"2023-08-28T12:03:42","modified_gmt":"2023-08-28T09:03:42","slug":"accessibility-statement","status":"publish","type":"page","link":"https:\/\/mobilefutures.fi\/sv\/accessibility-statement\/","title":{"rendered":"Tillg\u00e4nglighetsutl\u00e5tande"},"content":{"rendered":"<p class=\"wp-block-paragraph\"><strong>Tillg\u00e4nglighetsutl\u00e5tande f\u00f6r Mobile Futures webbplats<\/strong><\/p>\n\n\n\n<p class=\"wp-block-paragraph\">Projektet Mobile Futures str\u00e4var efter att s\u00e4kerst\u00e4lla tillg\u00e4ngligheten p\u00e5 sin webbplats i enlighet med Europaparlamentets direktiv om webbtillg\u00e4nglighet.<\/p>\n\n\n\n<p class=\"wp-block-paragraph\">Detta tillg\u00e4nglighetsutl\u00e5tande g\u00e4ller webbplatsen mobilefutures.fi och den skapades den 16 augusti 2023.<sup>th<\/sup>, 2023.<\/p>\n\n\n\n<p class=\"wp-block-paragraph\"><strong>Tillg\u00e4nglighetsstatus f\u00f6r den digitala tj\u00e4nsten<\/strong><\/p>\n\n\n\n<p class=\"wp-block-paragraph\">Webbplatsen mobilefutures.fi uppfyller delvis tillg\u00e4nglighetskraven enligt Web Content Accessibility Guidelines (WCAG) 2.1 AA. Webbplatsens tillg\u00e4nglighet har utv\u00e4rderats av oss. Utv\u00e4rderingen omfattade j\u00e4mf\u00f6relse av webbplatsens inneh\u00e5ll med WCAG 2.1.<\/p>\n\n\n\n<p class=\"wp-block-paragraph\"><strong>Inneh\u00e5ll och\/eller funktioner p\u00e5 webbplatsen som inte \u00f6verensst\u00e4mmer med kraven<\/strong><\/p>\n\n\n\n<p class=\"wp-block-paragraph\">Webbplatsen drivs av WordPress, och d\u00e4rf\u00f6r uppfyller webbplatsens huvudelement, t.ex. menyn, tillg\u00e4nglighetskraven. Webbplatsen inneh\u00e5ller dock element och filer som inte uppfyller tillg\u00e4nglighetskraven. De huvudsakliga problemomr\u00e5den vi identifierat \u00e4r \u00f6vers\u00e4ttningar och f\u00e4rgschema.<\/p>\n\n\n\n<p class=\"wp-block-paragraph\">\u00d6vers\u00e4ttningen fr\u00e5n engelska till finska och svenska av de statiska delarna av webbplatsen \u00e4r automatiserad med hj\u00e4lp av programvara fr\u00e5n tredje part. Administrat\u00f6rerna str\u00e4var efter att kontrollera och redigera eventuella misstag, men automatiseringsprocessen kan leda till att texter p\u00e5 webbplatsen \u00f6vers\u00e4tts felaktigt utan att de m\u00e4rker det. Delar av webbplatsen, t.ex. nyheter, blogg, \u00e4r skrivna p\u00e5 antingen engelska, finska eller svenska och \u00f6vers\u00e4tts inte alls; f\u00f6r en sk\u00e4rml\u00e4sare kommer de att visas som skrivna p\u00e5 engelska oavsett deras inneh\u00e5ll. Administrat\u00f6rerna str\u00e4var efter att l\u00f6sa problemen med \u00f6vers\u00e4ttningen.<\/p>\n\n\n\n<p class=\"wp-block-paragraph\">De f\u00e4rger som anv\u00e4nds p\u00e5 webbplatsen motsvarar projektets grafiska identitet som utformats av Moe Mustafa. Kontrasten mellan f\u00e4rgen p\u00e5 texten och bakgrunden \u00e4r tillr\u00e4cklig enligt de f\u00e4rgkontroller som finns tillg\u00e4ngliga online. F\u00f6r att helt f\u00f6lja riktlinjerna b\u00f6r kontrasten \u00f6kas, vilket kommer att beaktas vid uppdateringen av webbplatsen.<\/p>\n\n\n\n<p class=\"wp-block-paragraph\"><strong>Feedback om tillg\u00e4nglighet<\/strong><\/p>\n\n\n\n<p class=\"wp-block-paragraph\">Om du vill rapportera ett tillg\u00e4nglighetsproblem med webbplatsen, v\u00e4nligen kontakta oss via e-post: hello@mobilefutures.fi<\/p>\n\n\n\n<p class=\"wp-block-paragraph\"><strong>Tillsynsmyndighet<\/strong><\/p>\n\n\n\n<p class=\"wp-block-paragraph\">Om du uppt\u00e4cker tillg\u00e4nglighetsproblem p\u00e5 webbplatsen ska du f\u00f6rst skicka din feedback till webbplatsens administrat\u00f6rer. Det kan ta upp till 14 dagar att f\u00e5 ett svar. Om du inte \u00e4r n\u00f6jd med svaret eller inte f\u00e5r n\u00e5got svar inom tv\u00e5 veckor, kan du l\u00e4mna in ett klagom\u00e5l till Regionf\u00f6rvaltningsverket i S\u00f6dra Finland. P\u00e5 regionf\u00f6rvaltningsverkets webbplats finns detaljerade anvisningar (endast p\u00e5 finska och svenska) om hur du l\u00e4mnar in ett klagom\u00e5l och hur \u00e4rendet behandlas.<\/p>\n\n\n\n<p class=\"wp-block-paragraph\"><strong>Kontaktuppgifter till tillsynsmyndigheten<\/strong><\/p>\n\n\n\n<p class=\"wp-block-paragraph\">Regionf\u00f6rvaltningsverket i S\u00f6dra Finland<\/p>\n\n\n\n<p class=\"wp-block-paragraph\">Enhet f\u00f6r \u00f6vervakning av tillg\u00e4nglighet<\/p>\n\n\n\n<p class=\"wp-block-paragraph\"><a href=\"http:\/\/www.saavutettavuusvaatimukset.fi\" rel=\"nofollow\">http:\/\/www.saavutettavuusvaatimukset.fi<\/a><\/p>\n\n\n\n<p class=\"wp-block-paragraph\">saavutettavuus@avi.fi<\/p>\n\n\n\n<p class=\"wp-block-paragraph\">+358 295 016 000<\/p>\n\n\n\n<p class=\"wp-block-paragraph\"><\/p>","protected":false},"excerpt":{"rendered":"<p>Accessibility statement for Mobile Futures website The Mobile Futures project seeks to ensure the accessibility of its website in compliance with the Web Accessibility Directive of the European Parliament. This accessibility statement applies to the mobilefutures.fi website and it was created on August 16th, 2023. State of accessibility of the digital service The mobilefutures.fi website [&hellip;]<\/p>\n","protected":false},"author":215458246,"featured_media":0,"parent":0,"menu_order":0,"comment_status":"closed","ping_status":"closed","template":"page-no-separators","meta":{"_crdt_document":"","inline_featured_image":false,"footnotes":""},"page_category":[],"class_list":["post-2936","page","type-page","status-publish","hentry"],"yoast_head":"<!-- This site is optimized with the Yoast SEO plugin v27.4 - https:\/\/yoast.com\/product\/yoast-seo-wordpress\/ -->\n<title>Mobile Futures &#8211; Accessibility statement<\/title>\n<meta name=\"robots\" content=\"index, follow, max-snippet:-1, max-image-preview:large, max-video-preview:-1\" \/>\n<link rel=\"canonical\" href=\"https:\/\/mobilefutures.fi\/sv\/accessibility-statement\/\" \/>\n<meta property=\"og:locale\" content=\"sv_SE\" \/>\n<meta property=\"og:type\" content=\"article\" \/>\n<meta property=\"og:title\" content=\"Mobile Futures &#8211; Accessibility statement\" \/>\n<meta property=\"og:description\" content=\"Accessibility statement for Mobile Futures website The Mobile Futures project seeks to ensure the accessibility of its website in compliance with the Web Accessibility Directive of the European Parliament. This accessibility statement applies to the mobilefutures.fi website and it was created on August 16th, 2023. State of accessibility of the digital service The mobilefutures.fi website [&hellip;]\" \/>\n<meta property=\"og:url\" content=\"https:\/\/mobilefutures.fi\/sv\/accessibility-statement\/\" \/>\n<meta property=\"og:site_name\" content=\"Mobile Futures\" \/>\n<meta property=\"article:publisher\" content=\"https:\/\/www.facebook.com\/MobileFuturesFI\" \/>\n<meta property=\"article:modified_time\" content=\"2023-08-28T09:03:42+00:00\" \/>\n<meta property=\"og:image\" content=\"https:\/\/i0.wp.com\/mobilefutures.fi\/wp-content\/uploads\/2022\/03\/WP2.png?fit=1921%2C800&ssl=1\" \/>\n\t<meta property=\"og:image:width\" content=\"1921\" \/>\n\t<meta property=\"og:image:height\" content=\"800\" \/>\n\t<meta property=\"og:image:type\" content=\"image\/png\" \/>\n<meta name=\"twitter:card\" content=\"summary_large_image\" \/>\n<meta name=\"twitter:site\" content=\"@MobileFuturesFI\" \/>\n<meta name=\"twitter:label1\" content=\"Ber\u00e4knad l\u00e4stid\" \/>\n\t<meta name=\"twitter:data1\" content=\"2 minuter\" \/>\n<script type=\"application\/ld+json\" class=\"yoast-schema-graph\">{\"@context\":\"https:\\\/\\\/schema.org\",\"@graph\":[{\"@type\":\"WebPage\",\"@id\":\"https:\\\/\\\/mobilefutures.fi\\\/accessibility-statement\\\/\",\"url\":\"https:\\\/\\\/mobilefutures.fi\\\/accessibility-statement\\\/\",\"name\":\"Mobile Futures &#8211; Accessibility statement\",\"isPartOf\":{\"@id\":\"https:\\\/\\\/mobilefutures.fi\\\/#website\"},\"datePublished\":\"2023-08-28T09:01:57+00:00\",\"dateModified\":\"2023-08-28T09:03:42+00:00\",\"breadcrumb\":{\"@id\":\"https:\\\/\\\/mobilefutures.fi\\\/accessibility-statement\\\/#breadcrumb\"},\"inLanguage\":\"sv-SE\",\"potentialAction\":[{\"@type\":\"ReadAction\",\"target\":[\"https:\\\/\\\/mobilefutures.fi\\\/accessibility-statement\\\/\"]}]},{\"@type\":\"BreadcrumbList\",\"@id\":\"https:\\\/\\\/mobilefutures.fi\\\/accessibility-statement\\\/#breadcrumb\",\"itemListElement\":[{\"@type\":\"ListItem\",\"position\":1,\"name\":\"Home\",\"item\":\"https:\\\/\\\/mobilefutures.fi\\\/\"},{\"@type\":\"ListItem\",\"position\":2,\"name\":\"Accessibility statement\"}]},{\"@type\":\"WebSite\",\"@id\":\"https:\\\/\\\/mobilefutures.fi\\\/#website\",\"url\":\"https:\\\/\\\/mobilefutures.fi\\\/\",\"name\":\"Mobile Futures\",\"description\":\"Diversity, Trust and Two-Way Integration\",\"publisher\":{\"@id\":\"https:\\\/\\\/mobilefutures.fi\\\/#organization\"},\"potentialAction\":[{\"@type\":\"SearchAction\",\"target\":{\"@type\":\"EntryPoint\",\"urlTemplate\":\"https:\\\/\\\/mobilefutures.fi\\\/?s={search_term_string}\"},\"query-input\":{\"@type\":\"PropertyValueSpecification\",\"valueRequired\":true,\"valueName\":\"search_term_string\"}}],\"inLanguage\":\"sv-SE\"},{\"@type\":\"Organization\",\"@id\":\"https:\\\/\\\/mobilefutures.fi\\\/#organization\",\"name\":\"Mobile Futures\",\"url\":\"https:\\\/\\\/mobilefutures.fi\\\/\",\"logo\":{\"@type\":\"ImageObject\",\"inLanguage\":\"sv-SE\",\"@id\":\"https:\\\/\\\/mobilefutures.fi\\\/#\\\/schema\\\/logo\\\/image\\\/\",\"url\":\"https:\\\/\\\/i0.wp.com\\\/mobilefutures.fi\\\/wp-content\\\/uploads\\\/2022\\\/02\\\/Logo-black-1.png?fit=4383%2C2000&ssl=1\",\"contentUrl\":\"https:\\\/\\\/i0.wp.com\\\/mobilefutures.fi\\\/wp-content\\\/uploads\\\/2022\\\/02\\\/Logo-black-1.png?fit=4383%2C2000&ssl=1\",\"width\":4383,\"height\":2000,\"caption\":\"Mobile Futures\"},\"image\":{\"@id\":\"https:\\\/\\\/mobilefutures.fi\\\/#\\\/schema\\\/logo\\\/image\\\/\"},\"sameAs\":[\"https:\\\/\\\/www.facebook.com\\\/MobileFuturesFI\",\"https:\\\/\\\/x.com\\\/MobileFuturesFI\"]}]}<\/script>\n<!-- \/ Yoast SEO plugin. -->","yoast_head_json":{"title":"Mobile Futures &#8211; Accessibility statement","robots":{"index":"index","follow":"follow","max-snippet":"max-snippet:-1","max-image-preview":"max-image-preview:large","max-video-preview":"max-video-preview:-1"},"canonical":"https:\/\/mobilefutures.fi\/sv\/accessibility-statement\/","og_locale":"sv_SE","og_type":"article","og_title":"Mobile Futures &#8211; Accessibility statement","og_description":"Accessibility statement for Mobile Futures website The Mobile Futures project seeks to ensure the accessibility of its website in compliance with the Web Accessibility Directive of the European Parliament. This accessibility statement applies to the mobilefutures.fi website and it was created on August 16th, 2023. State of accessibility of the digital service The mobilefutures.fi website [&hellip;]","og_url":"https:\/\/mobilefutures.fi\/sv\/accessibility-statement\/","og_site_name":"Mobile Futures","article_publisher":"https:\/\/www.facebook.com\/MobileFuturesFI","article_modified_time":"2023-08-28T09:03:42+00:00","og_image":[{"width":1921,"height":800,"url":"https:\/\/i0.wp.com\/mobilefutures.fi\/wp-content\/uploads\/2022\/03\/WP2.png?fit=1921%2C800&ssl=1","type":"image\/png"}],"twitter_card":"summary_large_image","twitter_site":"@MobileFuturesFI","twitter_misc":{"Ber\u00e4knad l\u00e4stid":"2 minuter"},"schema":{"@context":"https:\/\/schema.org","@graph":[{"@type":"WebPage","@id":"https:\/\/mobilefutures.fi\/accessibility-statement\/","url":"https:\/\/mobilefutures.fi\/accessibility-statement\/","name":"Mobile Futures &#8211; Accessibility statement","isPartOf":{"@id":"https:\/\/mobilefutures.fi\/#website"},"datePublished":"2023-08-28T09:01:57+00:00","dateModified":"2023-08-28T09:03:42+00:00","breadcrumb":{"@id":"https:\/\/mobilefutures.fi\/accessibility-statement\/#breadcrumb"},"inLanguage":"sv-SE","potentialAction":[{"@type":"ReadAction","target":["https:\/\/mobilefutures.fi\/accessibility-statement\/"]}]},{"@type":"BreadcrumbList","@id":"https:\/\/mobilefutures.fi\/accessibility-statement\/#breadcrumb","itemListElement":[{"@type":"ListItem","position":1,"name":"Home","item":"https:\/\/mobilefutures.fi\/"},{"@type":"ListItem","position":2,"name":"Accessibility statement"}]},{"@type":"WebSite","@id":"https:\/\/mobilefutures.fi\/#website","url":"https:\/\/mobilefutures.fi\/","name":"Mobile Futures","description":"M\u00e5ngfald, f\u00f6rtroende och tv\u00e5v\u00e4gsintegration","publisher":{"@id":"https:\/\/mobilefutures.fi\/#organization"},"potentialAction":[{"@type":"SearchAction","target":{"@type":"EntryPoint","urlTemplate":"https:\/\/mobilefutures.fi\/?s={search_term_string}"},"query-input":{"@type":"PropertyValueSpecification","valueRequired":true,"valueName":"search_term_string"}}],"inLanguage":"sv-SE"},{"@type":"Organization","@id":"https:\/\/mobilefutures.fi\/#organization","name":"Mobile Futures","url":"https:\/\/mobilefutures.fi\/","logo":{"@type":"ImageObject","inLanguage":"sv-SE","@id":"https:\/\/mobilefutures.fi\/#\/schema\/logo\/image\/","url":"https:\/\/i0.wp.com\/mobilefutures.fi\/wp-content\/uploads\/2022\/02\/Logo-black-1.png?fit=4383%2C2000&ssl=1","contentUrl":"https:\/\/i0.wp.com\/mobilefutures.fi\/wp-content\/uploads\/2022\/02\/Logo-black-1.png?fit=4383%2C2000&ssl=1","width":4383,"height":2000,"caption":"Mobile Futures"},"image":{"@id":"https:\/\/mobilefutures.fi\/#\/schema\/logo\/image\/"},"sameAs":["https:\/\/www.facebook.com\/MobileFuturesFI","https:\/\/x.com\/MobileFuturesFI"]}]}},"jetpack_likes_enabled":false,"jetpack_sharing_enabled":true,"jetpack_shortlink":"https:\/\/wp.me\/PdClTx-Lm","_links":{"self":[{"href":"https:\/\/mobilefutures.fi\/sv\/wp-json\/wp\/v2\/pages\/2936","targetHints":{"allow":["GET"]}}],"collection":[{"href":"https:\/\/mobilefutures.fi\/sv\/wp-json\/wp\/v2\/pages"}],"about":[{"href":"https:\/\/mobilefutures.fi\/sv\/wp-json\/wp\/v2\/types\/page"}],"author":[{"embeddable":true,"href":"https:\/\/mobilefutures.fi\/sv\/wp-json\/wp\/v2\/users\/215458246"}],"replies":[{"embeddable":true,"href":"https:\/\/mobilefutures.fi\/sv\/wp-json\/wp\/v2\/comments?post=2936"}],"version-history":[{"count":2,"href":"https:\/\/mobilefutures.fi\/sv\/wp-json\/wp\/v2\/pages\/2936\/revisions"}],"predecessor-version":[{"id":2938,"href":"https:\/\/mobilefutures.fi\/sv\/wp-json\/wp\/v2\/pages\/2936\/revisions\/2938"}],"wp:attachment":[{"href":"https:\/\/mobilefutures.fi\/sv\/wp-json\/wp\/v2\/media?parent=2936"}],"wp:term":[{"taxonomy":"page_category","embeddable":true,"href":"https:\/\/mobilefutures.fi\/sv\/wp-json\/wp\/v2\/page_category?post=2936"}],"curies":[{"name":"wp","href":"https:\/\/api.w.org\/{rel}","templated":true}]}}