{"id":4569,"date":"2024-12-19T11:59:06","date_gmt":"2024-12-19T09:59:06","guid":{"rendered":"https:\/\/mobilefutures.fi\/?page_id=4569"},"modified":"2025-02-20T11:12:06","modified_gmt":"2025-02-20T09:12:06","slug":"trust-in-futures","status":"publish","type":"page","link":"https:\/\/mobilefutures.fi\/sv\/work-packages\/trust-in-futures\/","title":{"rendered":"Trust in&nbsp;Futures"},"content":{"rendered":"<h5 class=\"wp-block-heading\"><strong>WORK PACKAGE 7 LEADER<\/strong><\/h5>\n\n\n\n<p class=\"pt__1 wp-block-paragraph\"><a href=\"https:\/\/mobilefutures.fi\/sv\/contact\/sari-hammar\/\">Sari Hammar<\/a>, Deaconess Foundation,&nbsp; <a href=\"mailto:sari.hammar@hdl.fi\" target=\"_blank\" rel=\"noreferrer noopener\">sari.hammar@hdl.fi<\/a>, <br>+358504139812<\/p>\n\n\n\n<h5 class=\"wp-block-heading pt__10\"><strong>About the research<\/strong><\/h5>\n\n\n\n<p class=\"wp-block-paragraph\">In the &#8220;Trust in Futures&#8221; work package, we want to approach two-way integration from a futures perspective. What will integration look like in 2040? What are the current obstacles to integration? What would a successful Finland with two-way integration look like in the future, and what actions would be required to get there?<\/p>\n\n\n\n<p class=\"wp-block-paragraph\">The Deaconess Foundation has developed new, more accessible and barrier-free methods and materials together with its clients, so that even those who have previously been left silent can participate when discussing our common future. Within the work package, we organize participatory future workshops for immigrants and people at different stages of integration. Workshops are also held among people with a Finnish background.<\/p>\n\n\n\n<p class=\"wp-block-paragraph\">The result of the workshops will be images of desirable futures. The work package coordinator, the expert in participatory future work, and the researcher specializing in societal impact will analyze the issues raised in the workshops. Research conducted by other work packages enriches our findings and vice versa. The results will be recommendations and proposals on how two-way integration could be succesful now and in the future.<\/p>\n\n\n\n<h5 class=\"wp-block-heading\"><strong>PRIM\u00c4RA SAMARBETSPARTNERS<\/strong><\/h5>\n\n\n\n<p class=\"wp-block-paragraph\">Collaboration is primarily done with the Deaconess Foundation&#8217;s own operations. The Deaconess Foundation is a national actor working with, among others, young people outside work and education, undocumented people, mobile populations, unaccompanied minor asylum seekers, and victims of human trafficking.<\/p>\n\n\n\n<h5 class=\"wp-block-heading\"><strong>Project and Research Team<\/strong><\/h5>\n\n\n\n<p class=\"wp-block-paragraph\"><a href=\"https:\/\/mobilefutures.fi\/sv\/contact\/sari-hammar\/\">Sari Hammar<\/a>, Diakonissanstalten<br><a href=\"https:\/\/mobilefutures.fi\/sv\/contact\/eveliina-junikka\/\">Eveliina Junikka<\/a>, \u00c5bo Akademi University<br><a href=\"https:\/\/mobilefutures.fi\/sv\/contact\/hanna-kinnunen\/\">Hanna Kinnunen<\/a>, Diakonissanstalten<br><a href=\"https:\/\/mobilefutures.fi\/sv\/contact\/maiju-lehto\/\">Maiju Lehto<\/a>, Diakonissanstalten<\/p>","protected":false},"excerpt":{"rendered":"<p>WORK PACKAGE 7 LEADER Sari Hammar, Deaconess Foundation,&nbsp; sari.hammar@hdl.fi, +358504139812 About the research In the &#8220;Trust in Futures&#8221; work package, we want to approach two-way integration from a futures perspective. What will integration look like in 2040? What are the current obstacles to integration? What would a successful Finland with two-way integration look like in [&hellip;]<\/p>\n","protected":false},"author":215458252,"featured_media":4653,"parent":654,"menu_order":0,"comment_status":"closed","ping_status":"closed","template":"page-no-separators","meta":{"_crdt_document":"","inline_featured_image":false,"footnotes":""},"page_category":[1384],"class_list":["post-4569","page","type-page","status-publish","has-post-thumbnail","hentry","page_category-work-packages"],"yoast_head":"<!-- This site is optimized with the Yoast SEO plugin v27.4 - https:\/\/yoast.com\/product\/yoast-seo-wordpress\/ -->\n<title>Mobile Futures &#8211; Trust in Futures<\/title>\n<meta name=\"robots\" content=\"index, follow, max-snippet:-1, max-image-preview:large, max-video-preview:-1\" \/>\n<link rel=\"canonical\" href=\"https:\/\/mobilefutures.fi\/sv\/work-packages\/trust-in-futures\/\" \/>\n<meta property=\"og:locale\" content=\"sv_SE\" \/>\n<meta property=\"og:type\" content=\"article\" \/>\n<meta property=\"og:title\" content=\"Mobile Futures &#8211; Trust in Futures\" \/>\n<meta property=\"og:description\" content=\"WORK PACKAGE 7 LEADER Sari Hammar, Deaconess Foundation,&nbsp; sari.hammar@hdl.fi, +358504139812 About the research In the &#8220;Trust in Futures&#8221; work package, we want to approach two-way integration from a futures perspective. What will integration look like in 2040? What are the current obstacles to integration? What would a successful Finland with two-way integration look like in [&hellip;]\" \/>\n<meta property=\"og:url\" content=\"https:\/\/mobilefutures.fi\/sv\/work-packages\/trust-in-futures\/\" \/>\n<meta property=\"og:site_name\" content=\"Mobile Futures\" \/>\n<meta property=\"article:publisher\" content=\"https:\/\/www.facebook.com\/MobileFuturesFI\" \/>\n<meta property=\"article:modified_time\" content=\"2025-02-20T09:12:06+00:00\" \/>\n<meta property=\"og:image\" content=\"https:\/\/mobilefutures.fi\/wp-content\/uploads\/2025\/01\/WP7.png\" \/>\n\t<meta property=\"og:image:width\" content=\"1921\" \/>\n\t<meta property=\"og:image:height\" content=\"800\" \/>\n\t<meta property=\"og:image:type\" content=\"image\/png\" \/>\n<meta name=\"twitter:card\" content=\"summary_large_image\" \/>\n<meta name=\"twitter:site\" content=\"@MobileFuturesFI\" \/>\n<meta name=\"twitter:label1\" content=\"Ber\u00e4knad l\u00e4stid\" \/>\n\t<meta name=\"twitter:data1\" content=\"1 minut\" \/>\n<script type=\"application\/ld+json\" class=\"yoast-schema-graph\">{\"@context\":\"https:\\\/\\\/schema.org\",\"@graph\":[{\"@type\":\"WebPage\",\"@id\":\"https:\\\/\\\/mobilefutures.fi\\\/work-packages\\\/trust-in-futures\\\/\",\"url\":\"https:\\\/\\\/mobilefutures.fi\\\/work-packages\\\/trust-in-futures\\\/\",\"name\":\"Mobile Futures &#8211; Trust in Futures\",\"isPartOf\":{\"@id\":\"https:\\\/\\\/mobilefutures.fi\\\/#website\"},\"primaryImageOfPage\":{\"@id\":\"https:\\\/\\\/mobilefutures.fi\\\/work-packages\\\/trust-in-futures\\\/#primaryimage\"},\"image\":{\"@id\":\"https:\\\/\\\/mobilefutures.fi\\\/work-packages\\\/trust-in-futures\\\/#primaryimage\"},\"thumbnailUrl\":\"https:\\\/\\\/i0.wp.com\\\/mobilefutures.fi\\\/wp-content\\\/uploads\\\/2025\\\/01\\\/WP7.png?fit=1921%2C800&ssl=1\",\"datePublished\":\"2024-12-19T09:59:06+00:00\",\"dateModified\":\"2025-02-20T09:12:06+00:00\",\"breadcrumb\":{\"@id\":\"https:\\\/\\\/mobilefutures.fi\\\/work-packages\\\/trust-in-futures\\\/#breadcrumb\"},\"inLanguage\":\"sv-SE\",\"potentialAction\":[{\"@type\":\"ReadAction\",\"target\":[\"https:\\\/\\\/mobilefutures.fi\\\/work-packages\\\/trust-in-futures\\\/\"]}]},{\"@type\":\"ImageObject\",\"inLanguage\":\"sv-SE\",\"@id\":\"https:\\\/\\\/mobilefutures.fi\\\/work-packages\\\/trust-in-futures\\\/#primaryimage\",\"url\":\"https:\\\/\\\/i0.wp.com\\\/mobilefutures.fi\\\/wp-content\\\/uploads\\\/2025\\\/01\\\/WP7.png?fit=1921%2C800&ssl=1\",\"contentUrl\":\"https:\\\/\\\/i0.wp.com\\\/mobilefutures.fi\\\/wp-content\\\/uploads\\\/2025\\\/01\\\/WP7.png?fit=1921%2C800&ssl=1\",\"width\":1921,\"height\":800},{\"@type\":\"BreadcrumbList\",\"@id\":\"https:\\\/\\\/mobilefutures.fi\\\/work-packages\\\/trust-in-futures\\\/#breadcrumb\",\"itemListElement\":[{\"@type\":\"ListItem\",\"position\":1,\"name\":\"Home\",\"item\":\"https:\\\/\\\/mobilefutures.fi\\\/\"},{\"@type\":\"ListItem\",\"position\":2,\"name\":\"Research themes\",\"item\":\"https:\\\/\\\/mobilefutures.fi\\\/work-packages\\\/\"},{\"@type\":\"ListItem\",\"position\":3,\"name\":\"Trust in&nbsp;Futures\"}]},{\"@type\":\"WebSite\",\"@id\":\"https:\\\/\\\/mobilefutures.fi\\\/#website\",\"url\":\"https:\\\/\\\/mobilefutures.fi\\\/\",\"name\":\"Mobile Futures\",\"description\":\"Diversity, Trust and Two-Way Integration\",\"publisher\":{\"@id\":\"https:\\\/\\\/mobilefutures.fi\\\/#organization\"},\"potentialAction\":[{\"@type\":\"SearchAction\",\"target\":{\"@type\":\"EntryPoint\",\"urlTemplate\":\"https:\\\/\\\/mobilefutures.fi\\\/?s={search_term_string}\"},\"query-input\":{\"@type\":\"PropertyValueSpecification\",\"valueRequired\":true,\"valueName\":\"search_term_string\"}}],\"inLanguage\":\"sv-SE\"},{\"@type\":\"Organization\",\"@id\":\"https:\\\/\\\/mobilefutures.fi\\\/#organization\",\"name\":\"Mobile Futures\",\"url\":\"https:\\\/\\\/mobilefutures.fi\\\/\",\"logo\":{\"@type\":\"ImageObject\",\"inLanguage\":\"sv-SE\",\"@id\":\"https:\\\/\\\/mobilefutures.fi\\\/#\\\/schema\\\/logo\\\/image\\\/\",\"url\":\"https:\\\/\\\/i0.wp.com\\\/mobilefutures.fi\\\/wp-content\\\/uploads\\\/2022\\\/02\\\/Logo-black-1.png?fit=4383%2C2000&ssl=1\",\"contentUrl\":\"https:\\\/\\\/i0.wp.com\\\/mobilefutures.fi\\\/wp-content\\\/uploads\\\/2022\\\/02\\\/Logo-black-1.png?fit=4383%2C2000&ssl=1\",\"width\":4383,\"height\":2000,\"caption\":\"Mobile Futures\"},\"image\":{\"@id\":\"https:\\\/\\\/mobilefutures.fi\\\/#\\\/schema\\\/logo\\\/image\\\/\"},\"sameAs\":[\"https:\\\/\\\/www.facebook.com\\\/MobileFuturesFI\",\"https:\\\/\\\/x.com\\\/MobileFuturesFI\"]}]}<\/script>\n<!-- \/ Yoast SEO plugin. -->","yoast_head_json":{"title":"Mobile Futures &#8211; Trust in Futures","robots":{"index":"index","follow":"follow","max-snippet":"max-snippet:-1","max-image-preview":"max-image-preview:large","max-video-preview":"max-video-preview:-1"},"canonical":"https:\/\/mobilefutures.fi\/sv\/work-packages\/trust-in-futures\/","og_locale":"sv_SE","og_type":"article","og_title":"Mobile Futures &#8211; Trust in Futures","og_description":"WORK PACKAGE 7 LEADER Sari Hammar, Deaconess Foundation,&nbsp; sari.hammar@hdl.fi, +358504139812 About the research In the &#8220;Trust in Futures&#8221; work package, we want to approach two-way integration from a futures perspective. What will integration look like in 2040? What are the current obstacles to integration? What would a successful Finland with two-way integration look like in [&hellip;]","og_url":"https:\/\/mobilefutures.fi\/sv\/work-packages\/trust-in-futures\/","og_site_name":"Mobile Futures","article_publisher":"https:\/\/www.facebook.com\/MobileFuturesFI","article_modified_time":"2025-02-20T09:12:06+00:00","og_image":[{"width":1921,"height":800,"url":"https:\/\/mobilefutures.fi\/wp-content\/uploads\/2025\/01\/WP7.png","type":"image\/png"}],"twitter_card":"summary_large_image","twitter_site":"@MobileFuturesFI","twitter_misc":{"Ber\u00e4knad l\u00e4stid":"1 minut"},"schema":{"@context":"https:\/\/schema.org","@graph":[{"@type":"WebPage","@id":"https:\/\/mobilefutures.fi\/work-packages\/trust-in-futures\/","url":"https:\/\/mobilefutures.fi\/work-packages\/trust-in-futures\/","name":"Mobile Futures &#8211; Trust in Futures","isPartOf":{"@id":"https:\/\/mobilefutures.fi\/#website"},"primaryImageOfPage":{"@id":"https:\/\/mobilefutures.fi\/work-packages\/trust-in-futures\/#primaryimage"},"image":{"@id":"https:\/\/mobilefutures.fi\/work-packages\/trust-in-futures\/#primaryimage"},"thumbnailUrl":"https:\/\/i0.wp.com\/mobilefutures.fi\/wp-content\/uploads\/2025\/01\/WP7.png?fit=1921%2C800&ssl=1","datePublished":"2024-12-19T09:59:06+00:00","dateModified":"2025-02-20T09:12:06+00:00","breadcrumb":{"@id":"https:\/\/mobilefutures.fi\/work-packages\/trust-in-futures\/#breadcrumb"},"inLanguage":"sv-SE","potentialAction":[{"@type":"ReadAction","target":["https:\/\/mobilefutures.fi\/work-packages\/trust-in-futures\/"]}]},{"@type":"ImageObject","inLanguage":"sv-SE","@id":"https:\/\/mobilefutures.fi\/work-packages\/trust-in-futures\/#primaryimage","url":"https:\/\/i0.wp.com\/mobilefutures.fi\/wp-content\/uploads\/2025\/01\/WP7.png?fit=1921%2C800&ssl=1","contentUrl":"https:\/\/i0.wp.com\/mobilefutures.fi\/wp-content\/uploads\/2025\/01\/WP7.png?fit=1921%2C800&ssl=1","width":1921,"height":800},{"@type":"BreadcrumbList","@id":"https:\/\/mobilefutures.fi\/work-packages\/trust-in-futures\/#breadcrumb","itemListElement":[{"@type":"ListItem","position":1,"name":"Home","item":"https:\/\/mobilefutures.fi\/"},{"@type":"ListItem","position":2,"name":"Research themes","item":"https:\/\/mobilefutures.fi\/work-packages\/"},{"@type":"ListItem","position":3,"name":"Trust in&nbsp;Futures"}]},{"@type":"WebSite","@id":"https:\/\/mobilefutures.fi\/#website","url":"https:\/\/mobilefutures.fi\/","name":"Mobile Futures","description":"M\u00e5ngfald, f\u00f6rtroende och tv\u00e5v\u00e4gsintegration","publisher":{"@id":"https:\/\/mobilefutures.fi\/#organization"},"potentialAction":[{"@type":"SearchAction","target":{"@type":"EntryPoint","urlTemplate":"https:\/\/mobilefutures.fi\/?s={search_term_string}"},"query-input":{"@type":"PropertyValueSpecification","valueRequired":true,"valueName":"search_term_string"}}],"inLanguage":"sv-SE"},{"@type":"Organization","@id":"https:\/\/mobilefutures.fi\/#organization","name":"Mobile Futures","url":"https:\/\/mobilefutures.fi\/","logo":{"@type":"ImageObject","inLanguage":"sv-SE","@id":"https:\/\/mobilefutures.fi\/#\/schema\/logo\/image\/","url":"https:\/\/i0.wp.com\/mobilefutures.fi\/wp-content\/uploads\/2022\/02\/Logo-black-1.png?fit=4383%2C2000&ssl=1","contentUrl":"https:\/\/i0.wp.com\/mobilefutures.fi\/wp-content\/uploads\/2022\/02\/Logo-black-1.png?fit=4383%2C2000&ssl=1","width":4383,"height":2000,"caption":"Mobile Futures"},"image":{"@id":"https:\/\/mobilefutures.fi\/#\/schema\/logo\/image\/"},"sameAs":["https:\/\/www.facebook.com\/MobileFuturesFI","https:\/\/x.com\/MobileFuturesFI"]}]}},"jetpack_likes_enabled":false,"jetpack_sharing_enabled":true,"jetpack_shortlink":"https:\/\/wp.me\/PdClTx-1bH","_links":{"self":[{"href":"https:\/\/mobilefutures.fi\/sv\/wp-json\/wp\/v2\/pages\/4569","targetHints":{"allow":["GET"]}}],"collection":[{"href":"https:\/\/mobilefutures.fi\/sv\/wp-json\/wp\/v2\/pages"}],"about":[{"href":"https:\/\/mobilefutures.fi\/sv\/wp-json\/wp\/v2\/types\/page"}],"author":[{"embeddable":true,"href":"https:\/\/mobilefutures.fi\/sv\/wp-json\/wp\/v2\/users\/215458252"}],"replies":[{"embeddable":true,"href":"https:\/\/mobilefutures.fi\/sv\/wp-json\/wp\/v2\/comments?post=4569"}],"version-history":[{"count":22,"href":"https:\/\/mobilefutures.fi\/sv\/wp-json\/wp\/v2\/pages\/4569\/revisions"}],"predecessor-version":[{"id":4721,"href":"https:\/\/mobilefutures.fi\/sv\/wp-json\/wp\/v2\/pages\/4569\/revisions\/4721"}],"up":[{"embeddable":true,"href":"https:\/\/mobilefutures.fi\/sv\/wp-json\/wp\/v2\/pages\/654"}],"wp:featuredmedia":[{"embeddable":true,"href":"https:\/\/mobilefutures.fi\/sv\/wp-json\/wp\/v2\/media\/4653"}],"wp:attachment":[{"href":"https:\/\/mobilefutures.fi\/sv\/wp-json\/wp\/v2\/media?parent=4569"}],"wp:term":[{"taxonomy":"page_category","embeddable":true,"href":"https:\/\/mobilefutures.fi\/sv\/wp-json\/wp\/v2\/page_category?post=4569"}],"curies":[{"name":"wp","href":"https:\/\/api.w.org\/{rel}","templated":true}]}}