{"id":905,"date":"2022-02-18T10:08:05","date_gmt":"2022-02-18T08:08:05","guid":{"rendered":"https:\/\/mobilefutures.fi\/?page_id=905"},"modified":"2025-10-02T10:29:14","modified_gmt":"2025-10-02T07:29:14","slug":"work-package-3-trust-in-information","status":"publish","type":"page","link":"https:\/\/mobilefutures.fi\/sv\/work-packages\/work-package-3-trust-in-information\/","title":{"rendered":"F\u00f6rtroende f\u00f6r information"},"content":{"rendered":"<p class=\"wp-block-paragraph\"><em>THE ACTIVITIES OF WORK PACKAGE 3 ENDED SEPTEMBER 2025. OUR PUBLICATIONS <a href=\"https:\/\/mobilefutures.fi\/publications\/\">CAN BE FOLLOWED HERE<\/a>. <\/em><\/p>\n\n\n\n<hr class=\"wp-block-separator has-alpha-channel-opacity\"\/>\n\n\n\n<h5 class=\"wp-block-heading\" id=\"work-package-3-leader\">Ledare f\u00f6r arbetspaket 3<\/h5>\n\n\n\n<p class=\"wp-block-paragraph\"><a href=\"https:\/\/mobilefutures.fi\/sv\/contact\/kristina-eriksson-backa\/\">Kristina Eriksson-Backa<\/a>, \u00c5bo Akademi, <a href=\"mailto: kristina.eriksson-backa@abo.fi\"><\/a><a href=\"mailto:kristina.eriksson-backa@abo.fi\">kristina.eriksson-backa@abo.fi<\/a><\/p>\n\n\n\n<h5 class=\"wp-block-heading\" id=\"about-the-work-package\">Om forskningen<\/h5>\n\n\n\n<p class=\"wp-block-paragraph\">I arbetspaket 3 unders\u00f6ker vi f\u00f6rtroendet f\u00f6r migrationsrelaterad information och expertkunskap i det finska samh\u00e4llet, med fokus p\u00e5 tv\u00e5 nyckelomr\u00e5den. F\u00f6r det f\u00f6rsta granskar vi kritiskt den roll som informerade medborgare spelar f\u00f6r att bek\u00e4mpa f\u00f6rdomar och polarisering, och bed\u00f6mer a) hur f\u00f6rtroendet f\u00f6r denna information utvecklas bland medborgarna, b) dess inverkan p\u00e5 attityderna till migration och c) strategier f\u00f6r att s\u00e4kerst\u00e4lla bred tillg\u00e5ng till tillf\u00f6rlitlig information. F\u00f6r det andra f\u00f6rdjupar vi oss i olika migrantgruppers informationspraxis och deras inverkan p\u00e5 f\u00f6rtroendet f\u00f6r myndighetsinformation. Vi tar upp utmaningar som spr\u00e5kbarri\u00e4rer, IT-kunskaper samt kulturella, sociala och k\u00e4nslom\u00e4ssiga hinder f\u00f6r att navigera i informationslandskapet och bland felaktig information.<\/p>\n\n\n\n<p class=\"wp-block-paragraph\">Vi anv\u00e4nder etnografiska metoder (intervjuer, observationer och workshops) tillsammans med en unders\u00f6kning bland Finlands vuxna befolkning f\u00f6r att f\u00f6rdjupa f\u00f6rst\u00e5elsen av allm\u00e4nhetens och invandrarnas perspektiv p\u00e5 migration och integration.<\/p>\n\n\n\n<p class=\"wp-block-paragraph\">V\u00e5r forskning lyfter fram betydelsen av korrekt information f\u00f6r att forma \u00e5sikter och politik f\u00f6r harmonisk integration, och betonar ocks\u00e5 f\u00f6rtroendet f\u00f6r offentliga migrationsnarrativ och arbetsmarknadens integritet.<\/p>\n\n\n\n<h5 class=\"wp-block-heading\" id=\"researchers\"><strong>Forskare<\/strong><\/h5>\n\n\n\n<p class=\"wp-block-paragraph\"><a href=\"https:\/\/mobilefutures.fi\/sv\/contact\/khadijah-kainat\/\">Khadijah Kainat, \u00c5bo Akademi<\/a><br><a href=\"https:\/\/mobilefutures.fi\/sv\/contact\/hilda-ruokolainen\/\">Hilda Ruokolainen, \u00c5bo Akademi<\/a><br><a href=\"https:\/\/mobilefutures.fi\/sv\/contact\/linda-backman\/\">Linda B\u00e4ckman, Migrationsinstitutet i Finland<\/a><br><a href=\"https:\/\/mobilefutures.fi\/sv\/contact\/magdalena-kosova\/\">Magdalena Kosova, \u00c5bo Akademi<\/a><br><a href=\"https:\/\/mobilefutures.fi\/sv\/contact\/hamed-ahmadinia\/\">Hamed Ahmedinia, \u00c5bo Akademi Unviersity<\/a><\/p>","protected":false},"excerpt":{"rendered":"<p>Detta arbetspaket unders\u00f6ker f\u00f6rtroendet f\u00f6r information och expertkunskap genom att unders\u00f6ka f\u00f6rh\u00e5llandet mellan socialt och institutionellt f\u00f6rtroende och \u00e5sikter om migrationsrelaterade fr\u00e5gor, samt f\u00f6rh\u00e5llandet mellan migranters medie- och informationskompetens (MIL) och institutionellt f\u00f6rtroende.<\/p>","protected":false},"author":215458247,"featured_media":1782,"parent":654,"menu_order":3,"comment_status":"closed","ping_status":"closed","template":"page-no-separators","meta":{"_crdt_document":"","inline_featured_image":false,"footnotes":""},"page_category":[1384],"class_list":["post-905","page","type-page","status-publish","has-post-thumbnail","hentry","page_category-work-packages"],"yoast_head":"<!-- This site is optimized with the Yoast SEO plugin v27.4 - https:\/\/yoast.com\/product\/yoast-seo-wordpress\/ -->\n<title>Mobile Futures &#8211; Trust in Information<\/title>\n<meta name=\"robots\" content=\"index, follow, max-snippet:-1, max-image-preview:large, max-video-preview:-1\" \/>\n<link rel=\"canonical\" href=\"https:\/\/mobilefutures.fi\/sv\/work-packages\/work-package-3-trust-in-information\/\" \/>\n<meta property=\"og:locale\" content=\"sv_SE\" \/>\n<meta property=\"og:type\" content=\"article\" \/>\n<meta property=\"og:title\" content=\"Mobile Futures &#8211; Trust in Information\" \/>\n<meta property=\"og:description\" content=\"This work package looks at trust in information and expert knowledge by examining the relationship between social and institutional trust and views on migration-related issues, and the relationship between migrants\u2019 Media Information Literacy (MIL) and institutional trust.\" \/>\n<meta property=\"og:url\" content=\"https:\/\/mobilefutures.fi\/sv\/work-packages\/work-package-3-trust-in-information\/\" \/>\n<meta property=\"og:site_name\" content=\"Mobile Futures\" \/>\n<meta property=\"article:publisher\" content=\"https:\/\/www.facebook.com\/MobileFuturesFI\" \/>\n<meta property=\"article:modified_time\" content=\"2025-10-02T07:29:14+00:00\" \/>\n<meta property=\"og:image\" content=\"https:\/\/mobilefutures.fi\/wp-content\/uploads\/2022\/03\/WP-3-2.png\" \/>\n\t<meta property=\"og:image:width\" content=\"1921\" \/>\n\t<meta property=\"og:image:height\" content=\"800\" \/>\n\t<meta property=\"og:image:type\" content=\"image\/png\" \/>\n<meta name=\"twitter:card\" content=\"summary_large_image\" \/>\n<meta name=\"twitter:site\" content=\"@MobileFuturesFI\" \/>\n<meta name=\"twitter:label1\" content=\"Ber\u00e4knad l\u00e4stid\" \/>\n\t<meta name=\"twitter:data1\" content=\"2 minuter\" \/>\n<script type=\"application\/ld+json\" class=\"yoast-schema-graph\">{\"@context\":\"https:\\\/\\\/schema.org\",\"@graph\":[{\"@type\":\"WebPage\",\"@id\":\"https:\\\/\\\/mobilefutures.fi\\\/work-packages\\\/work-package-3-trust-in-information\\\/\",\"url\":\"https:\\\/\\\/mobilefutures.fi\\\/work-packages\\\/work-package-3-trust-in-information\\\/\",\"name\":\"Mobile Futures &#8211; Trust in Information\",\"isPartOf\":{\"@id\":\"https:\\\/\\\/mobilefutures.fi\\\/#website\"},\"primaryImageOfPage\":{\"@id\":\"https:\\\/\\\/mobilefutures.fi\\\/work-packages\\\/work-package-3-trust-in-information\\\/#primaryimage\"},\"image\":{\"@id\":\"https:\\\/\\\/mobilefutures.fi\\\/work-packages\\\/work-package-3-trust-in-information\\\/#primaryimage\"},\"thumbnailUrl\":\"https:\\\/\\\/i0.wp.com\\\/mobilefutures.fi\\\/wp-content\\\/uploads\\\/2022\\\/03\\\/WP-3-2.png?fit=1921%2C800&ssl=1\",\"datePublished\":\"2022-02-18T08:08:05+00:00\",\"dateModified\":\"2025-10-02T07:29:14+00:00\",\"breadcrumb\":{\"@id\":\"https:\\\/\\\/mobilefutures.fi\\\/work-packages\\\/work-package-3-trust-in-information\\\/#breadcrumb\"},\"inLanguage\":\"sv-SE\",\"potentialAction\":[{\"@type\":\"ReadAction\",\"target\":[\"https:\\\/\\\/mobilefutures.fi\\\/work-packages\\\/work-package-3-trust-in-information\\\/\"]}]},{\"@type\":\"ImageObject\",\"inLanguage\":\"sv-SE\",\"@id\":\"https:\\\/\\\/mobilefutures.fi\\\/work-packages\\\/work-package-3-trust-in-information\\\/#primaryimage\",\"url\":\"https:\\\/\\\/i0.wp.com\\\/mobilefutures.fi\\\/wp-content\\\/uploads\\\/2022\\\/03\\\/WP-3-2.png?fit=1921%2C800&ssl=1\",\"contentUrl\":\"https:\\\/\\\/i0.wp.com\\\/mobilefutures.fi\\\/wp-content\\\/uploads\\\/2022\\\/03\\\/WP-3-2.png?fit=1921%2C800&ssl=1\",\"width\":1921,\"height\":800},{\"@type\":\"BreadcrumbList\",\"@id\":\"https:\\\/\\\/mobilefutures.fi\\\/work-packages\\\/work-package-3-trust-in-information\\\/#breadcrumb\",\"itemListElement\":[{\"@type\":\"ListItem\",\"position\":1,\"name\":\"Home\",\"item\":\"https:\\\/\\\/mobilefutures.fi\\\/\"},{\"@type\":\"ListItem\",\"position\":2,\"name\":\"Research themes\",\"item\":\"https:\\\/\\\/mobilefutures.fi\\\/work-packages\\\/\"},{\"@type\":\"ListItem\",\"position\":3,\"name\":\"Trust in&nbsp;Information\"}]},{\"@type\":\"WebSite\",\"@id\":\"https:\\\/\\\/mobilefutures.fi\\\/#website\",\"url\":\"https:\\\/\\\/mobilefutures.fi\\\/\",\"name\":\"Mobile Futures\",\"description\":\"Diversity, Trust and Two-Way Integration\",\"publisher\":{\"@id\":\"https:\\\/\\\/mobilefutures.fi\\\/#organization\"},\"potentialAction\":[{\"@type\":\"SearchAction\",\"target\":{\"@type\":\"EntryPoint\",\"urlTemplate\":\"https:\\\/\\\/mobilefutures.fi\\\/?s={search_term_string}\"},\"query-input\":{\"@type\":\"PropertyValueSpecification\",\"valueRequired\":true,\"valueName\":\"search_term_string\"}}],\"inLanguage\":\"sv-SE\"},{\"@type\":\"Organization\",\"@id\":\"https:\\\/\\\/mobilefutures.fi\\\/#organization\",\"name\":\"Mobile Futures\",\"url\":\"https:\\\/\\\/mobilefutures.fi\\\/\",\"logo\":{\"@type\":\"ImageObject\",\"inLanguage\":\"sv-SE\",\"@id\":\"https:\\\/\\\/mobilefutures.fi\\\/#\\\/schema\\\/logo\\\/image\\\/\",\"url\":\"https:\\\/\\\/i0.wp.com\\\/mobilefutures.fi\\\/wp-content\\\/uploads\\\/2022\\\/02\\\/Logo-black-1.png?fit=4383%2C2000&ssl=1\",\"contentUrl\":\"https:\\\/\\\/i0.wp.com\\\/mobilefutures.fi\\\/wp-content\\\/uploads\\\/2022\\\/02\\\/Logo-black-1.png?fit=4383%2C2000&ssl=1\",\"width\":4383,\"height\":2000,\"caption\":\"Mobile Futures\"},\"image\":{\"@id\":\"https:\\\/\\\/mobilefutures.fi\\\/#\\\/schema\\\/logo\\\/image\\\/\"},\"sameAs\":[\"https:\\\/\\\/www.facebook.com\\\/MobileFuturesFI\",\"https:\\\/\\\/x.com\\\/MobileFuturesFI\"]}]}<\/script>\n<!-- \/ Yoast SEO plugin. -->","yoast_head_json":{"title":"Mobile Futures &#8211; Trust in Information","robots":{"index":"index","follow":"follow","max-snippet":"max-snippet:-1","max-image-preview":"max-image-preview:large","max-video-preview":"max-video-preview:-1"},"canonical":"https:\/\/mobilefutures.fi\/sv\/work-packages\/work-package-3-trust-in-information\/","og_locale":"sv_SE","og_type":"article","og_title":"Mobile Futures &#8211; Trust in Information","og_description":"This work package looks at trust in information and expert knowledge by examining the relationship between social and institutional trust and views on migration-related issues, and the relationship between migrants\u2019 Media Information Literacy (MIL) and institutional trust.","og_url":"https:\/\/mobilefutures.fi\/sv\/work-packages\/work-package-3-trust-in-information\/","og_site_name":"Mobile Futures","article_publisher":"https:\/\/www.facebook.com\/MobileFuturesFI","article_modified_time":"2025-10-02T07:29:14+00:00","og_image":[{"width":1921,"height":800,"url":"https:\/\/mobilefutures.fi\/wp-content\/uploads\/2022\/03\/WP-3-2.png","type":"image\/png"}],"twitter_card":"summary_large_image","twitter_site":"@MobileFuturesFI","twitter_misc":{"Ber\u00e4knad l\u00e4stid":"2 minuter"},"schema":{"@context":"https:\/\/schema.org","@graph":[{"@type":"WebPage","@id":"https:\/\/mobilefutures.fi\/work-packages\/work-package-3-trust-in-information\/","url":"https:\/\/mobilefutures.fi\/work-packages\/work-package-3-trust-in-information\/","name":"Mobile Futures &#8211; Trust in Information","isPartOf":{"@id":"https:\/\/mobilefutures.fi\/#website"},"primaryImageOfPage":{"@id":"https:\/\/mobilefutures.fi\/work-packages\/work-package-3-trust-in-information\/#primaryimage"},"image":{"@id":"https:\/\/mobilefutures.fi\/work-packages\/work-package-3-trust-in-information\/#primaryimage"},"thumbnailUrl":"https:\/\/i0.wp.com\/mobilefutures.fi\/wp-content\/uploads\/2022\/03\/WP-3-2.png?fit=1921%2C800&ssl=1","datePublished":"2022-02-18T08:08:05+00:00","dateModified":"2025-10-02T07:29:14+00:00","breadcrumb":{"@id":"https:\/\/mobilefutures.fi\/work-packages\/work-package-3-trust-in-information\/#breadcrumb"},"inLanguage":"sv-SE","potentialAction":[{"@type":"ReadAction","target":["https:\/\/mobilefutures.fi\/work-packages\/work-package-3-trust-in-information\/"]}]},{"@type":"ImageObject","inLanguage":"sv-SE","@id":"https:\/\/mobilefutures.fi\/work-packages\/work-package-3-trust-in-information\/#primaryimage","url":"https:\/\/i0.wp.com\/mobilefutures.fi\/wp-content\/uploads\/2022\/03\/WP-3-2.png?fit=1921%2C800&ssl=1","contentUrl":"https:\/\/i0.wp.com\/mobilefutures.fi\/wp-content\/uploads\/2022\/03\/WP-3-2.png?fit=1921%2C800&ssl=1","width":1921,"height":800},{"@type":"BreadcrumbList","@id":"https:\/\/mobilefutures.fi\/work-packages\/work-package-3-trust-in-information\/#breadcrumb","itemListElement":[{"@type":"ListItem","position":1,"name":"Home","item":"https:\/\/mobilefutures.fi\/"},{"@type":"ListItem","position":2,"name":"Research themes","item":"https:\/\/mobilefutures.fi\/work-packages\/"},{"@type":"ListItem","position":3,"name":"Trust in&nbsp;Information"}]},{"@type":"WebSite","@id":"https:\/\/mobilefutures.fi\/#website","url":"https:\/\/mobilefutures.fi\/","name":"Mobile Futures","description":"M\u00e5ngfald, f\u00f6rtroende och tv\u00e5v\u00e4gsintegration","publisher":{"@id":"https:\/\/mobilefutures.fi\/#organization"},"potentialAction":[{"@type":"SearchAction","target":{"@type":"EntryPoint","urlTemplate":"https:\/\/mobilefutures.fi\/?s={search_term_string}"},"query-input":{"@type":"PropertyValueSpecification","valueRequired":true,"valueName":"search_term_string"}}],"inLanguage":"sv-SE"},{"@type":"Organization","@id":"https:\/\/mobilefutures.fi\/#organization","name":"Mobile Futures","url":"https:\/\/mobilefutures.fi\/","logo":{"@type":"ImageObject","inLanguage":"sv-SE","@id":"https:\/\/mobilefutures.fi\/#\/schema\/logo\/image\/","url":"https:\/\/i0.wp.com\/mobilefutures.fi\/wp-content\/uploads\/2022\/02\/Logo-black-1.png?fit=4383%2C2000&ssl=1","contentUrl":"https:\/\/i0.wp.com\/mobilefutures.fi\/wp-content\/uploads\/2022\/02\/Logo-black-1.png?fit=4383%2C2000&ssl=1","width":4383,"height":2000,"caption":"Mobile Futures"},"image":{"@id":"https:\/\/mobilefutures.fi\/#\/schema\/logo\/image\/"},"sameAs":["https:\/\/www.facebook.com\/MobileFuturesFI","https:\/\/x.com\/MobileFuturesFI"]}]}},"jetpack_likes_enabled":false,"jetpack_sharing_enabled":true,"jetpack_shortlink":"https:\/\/wp.me\/PdClTx-eB","_links":{"self":[{"href":"https:\/\/mobilefutures.fi\/sv\/wp-json\/wp\/v2\/pages\/905","targetHints":{"allow":["GET"]}}],"collection":[{"href":"https:\/\/mobilefutures.fi\/sv\/wp-json\/wp\/v2\/pages"}],"about":[{"href":"https:\/\/mobilefutures.fi\/sv\/wp-json\/wp\/v2\/types\/page"}],"author":[{"embeddable":true,"href":"https:\/\/mobilefutures.fi\/sv\/wp-json\/wp\/v2\/users\/215458247"}],"replies":[{"embeddable":true,"href":"https:\/\/mobilefutures.fi\/sv\/wp-json\/wp\/v2\/comments?post=905"}],"version-history":[{"count":25,"href":"https:\/\/mobilefutures.fi\/sv\/wp-json\/wp\/v2\/pages\/905\/revisions"}],"predecessor-version":[{"id":5371,"href":"https:\/\/mobilefutures.fi\/sv\/wp-json\/wp\/v2\/pages\/905\/revisions\/5371"}],"up":[{"embeddable":true,"href":"https:\/\/mobilefutures.fi\/sv\/wp-json\/wp\/v2\/pages\/654"}],"wp:featuredmedia":[{"embeddable":true,"href":"https:\/\/mobilefutures.fi\/sv\/wp-json\/wp\/v2\/media\/1782"}],"wp:attachment":[{"href":"https:\/\/mobilefutures.fi\/sv\/wp-json\/wp\/v2\/media?parent=905"}],"wp:term":[{"taxonomy":"page_category","embeddable":true,"href":"https:\/\/mobilefutures.fi\/sv\/wp-json\/wp\/v2\/page_category?post=905"}],"curies":[{"name":"wp","href":"https:\/\/api.w.org\/{rel}","templated":true}]}}